{"id":3,"date":"2026-03-09T22:36:36","date_gmt":"2026-03-09T22:36:36","guid":{"rendered":"https:\/\/sodadream.lv\/?page_id=3"},"modified":"2026-03-10T09:57:18","modified_gmt":"2026-03-10T09:57:18","slug":"privacy-policy","status":"publish","type":"page","link":"https:\/\/sodadream.lv\/en_us\/privacy-policy\/","title":{"rendered":"Privacy Policy"},"content":{"rendered":"<div data-elementor-type=\"wp-page\" data-elementor-id=\"3\" class=\"elementor elementor-3\">\n\t\t\t\t<div class=\"elementor-element elementor-element-24fb0303 e-flex e-con-boxed e-con e-parent\" data-id=\"24fb0303\" data-element_type=\"container\" data-e-type=\"container\">\n\t\t\t\t\t<div class=\"e-con-inner\">\n\t\t\t\t<div class=\"elementor-element elementor-element-5e458406 elementor-widget elementor-widget-text-editor\" data-id=\"5e458406\" data-element_type=\"widget\" data-e-type=\"widget\" data-widget_type=\"text-editor.default\">\n\t\t\t\t<div class=\"elementor-widget-container\">\n\t\t\t\t\t\t\t\t\t\n<h1 class=\"wp-block-heading\" data-start=\"132\" data-end=\"152\">Priv\u0101tuma politika<\/h1>\n<h2 data-start=\"154\" data-end=\"169\">Kas m\u0113s esam<\/h2>\n<p data-start=\"170\" data-end=\"222\">M\u016bsu m\u0101jaslapas adrese ir: <strong data-start=\"197\" data-end=\"221\"><a class=\"decorated-link\" href=\"https:\/\/sodadream.lv\/en_us\/\" target=\"_new\" rel=\"noopener\" data-start=\"199\" data-end=\"219\">https:\/\/sodadream.lv<\/a><\/strong>.<\/p>\n<p data-start=\"224\" data-end=\"354\">\u0160aj\u0101 priv\u0101tuma politik\u0101 ir aprakst\u012bts, k\u0101 m\u0113s apkopojam, izmantojam un aizsarg\u0101jam j\u016bsu personas datus, izmantojot m\u016bsu m\u0101jaslapu.<\/p>\n<hr data-start=\"356\" data-end=\"359\" \/>\n<h2 data-start=\"361\" data-end=\"373\">Koment\u0101ri<\/h2>\n<p data-start=\"374\" data-end=\"590\">Kad apmekl\u0113t\u0101ji atst\u0101j koment\u0101rus m\u016bsu m\u0101jaslap\u0101, m\u0113s apkopojam koment\u0101ru form\u0101 ievad\u012btos datus, k\u0101 ar\u012b apmekl\u0113t\u0101ja <strong data-start=\"490\" data-end=\"503\">IP adresi<\/strong> un p\u0101rl\u016bkprogrammas inform\u0101ciju, lai pal\u012bdz\u0113tu noteikt un nov\u0113rst surog\u0101tpastu (spam).<\/p>\n<p data-start=\"592\" data-end=\"834\">No j\u016bsu e-pasta adreses var tikt izveidota anonimiz\u0113ta virkne (hash), kas var tikt nos\u016bt\u012bta <strong data-start=\"684\" data-end=\"696\">Gravatar<\/strong> servisam, lai p\u0101rbaud\u012btu, vai j\u016bs izmantojat \u0161o pakalpojumu. Gravatar priv\u0101tuma politika pieejama \u0161eit:<br data-start=\"800\" data-end=\"803\" \/><a class=\"decorated-link\" href=\"https:\/\/automattic.com\/privacy\/\" target=\"_new\" rel=\"noopener\" data-start=\"803\" data-end=\"834\">https:\/\/automattic.com\/privacy\/<\/a><\/p>\n<p data-start=\"836\" data-end=\"930\">P\u0113c koment\u0101ra apstiprin\u0101\u0161anas j\u016bsu profila att\u0113ls var b\u016bt publiski redzams pie j\u016bsu koment\u0101ra.<\/p>\n<hr data-start=\"932\" data-end=\"935\" \/>\n<h2 data-start=\"937\" data-end=\"949\">Multivide<\/h2>\n<p data-start=\"950\" data-end=\"1057\">Ja aug\u0161upiel\u0101d\u0113jat att\u0113lus m\u016bsu m\u0101jaslap\u0101, iesak\u0101m <strong data-start=\"1001\" data-end=\"1056\">neiek\u013caut att\u0113los atra\u0161an\u0101s vietas datus (EXIF GPS)<\/strong>.<\/p>\n<p data-start=\"1059\" data-end=\"1120\">Citi apmekl\u0113t\u0101ji var lejupiel\u0101d\u0113t att\u0113lus un ieg\u016bt \u0161os datus.<\/p>\n<hr data-start=\"1122\" data-end=\"1125\" \/>\n<h2 data-start=\"1127\" data-end=\"1149\">S\u012bkdatnes (Cookies)<\/h2>\n<p data-start=\"1150\" data-end=\"1413\">Ja j\u016bs atst\u0101jat koment\u0101ru m\u016bsu vietn\u0113, varat izv\u0113l\u0113ties saglab\u0101t savu <strong data-start=\"1220\" data-end=\"1269\">v\u0101rdu, e-pastu un m\u0101jaslapas adresi s\u012bkdatn\u0113s<\/strong>. Tas tiek dar\u012bts j\u016bsu \u0113rt\u012bbai, lai n\u0101kamreiz koment\u0113jot neb\u016btu atk\u0101rtoti j\u0101ievada \u0161\u012b inform\u0101cija. \u0160\u012bs s\u012bkdatnes tiek saglab\u0101tas <strong data-start=\"1398\" data-end=\"1412\">vienu gadu<\/strong>.<\/p>\n<p data-start=\"1415\" data-end=\"1623\">Ja apmekl\u0113jat m\u016bsu pieteik\u0161an\u0101s lapu, tiks izveidota pagaidu s\u012bkdatne, lai p\u0101rbaud\u012btu, vai j\u016bsu p\u0101rl\u016bkprogramma pie\u0146em s\u012bkdatnes. \u0160\u012b s\u012bkdatne nesatur person\u012bgos datus un tiek dz\u0113sta, aizverot p\u0101rl\u016bkprogrammu.<\/p>\n<p data-start=\"1625\" data-end=\"1745\">Piesakoties kont\u0101, tiek izveidotas vair\u0101kas s\u012bkdatnes, kas saglab\u0101 j\u016bsu pieteik\u0161an\u0101s inform\u0101ciju un ekr\u0101na iestat\u012bjumus:<\/p>\n<ul data-start=\"1746\" data-end=\"1829\">\n<li data-start=\"1746\" data-end=\"1785\">\n<p data-start=\"1748\" data-end=\"1785\">pieteik\u0161an\u0101s s\u012bkdatnes \u2013 <strong data-start=\"1773\" data-end=\"1785\">2 dienas<\/strong><\/p>\n<\/li>\n<li data-start=\"1786\" data-end=\"1829\">\n<p data-start=\"1788\" data-end=\"1829\">ekr\u0101na iestat\u012bjumu s\u012bkdatnes \u2013 <strong data-start=\"1819\" data-end=\"1829\">1 gads<\/strong><\/p>\n<\/li>\n<\/ul>\n<p data-start=\"1831\" data-end=\"1926\">Ja izv\u0113laties opciju <strong data-start=\"1852\" data-end=\"1873\">\u201cAtcer\u0113ties mani\u201d<\/strong>, j\u016bsu pieteik\u0161an\u0101s tiks saglab\u0101ta <strong data-start=\"1908\" data-end=\"1925\">divas ned\u0113\u013cas<\/strong>.<\/p>\n<hr data-start=\"1928\" data-end=\"1931\" \/>\n<h2 data-start=\"1933\" data-end=\"1969\">Iegultais saturs no cit\u0101m vietn\u0113m<\/h2>\n<p data-start=\"1970\" data-end=\"2059\">M\u016bsu m\u0101jaslapas raksti var ietvert iegultu saturu (piem\u0113ram, video, att\u0113lus vai rakstus).<\/p>\n<p data-start=\"2061\" data-end=\"2145\">\u0160\u0101ds saturs darbojas tie\u0161i t\u0101pat k\u0101 tad, ja j\u016bs apmekl\u0113tu attiec\u012bgo \u0101r\u0113jo m\u0101jaslapu.<\/p>\n<p data-start=\"2147\" data-end=\"2163\">\u0160\u012bs vietnes var:<\/p>\n<ul data-start=\"2164\" data-end=\"2303\">\n<li data-start=\"2164\" data-end=\"2190\">\n<p data-start=\"2166\" data-end=\"2190\">apkopot datus par jums<\/p>\n<\/li>\n<li data-start=\"2191\" data-end=\"2213\">\n<p data-start=\"2193\" data-end=\"2213\">izmantot s\u012bkdatnes<\/p>\n<\/li>\n<li data-start=\"2214\" data-end=\"2255\">\n<p data-start=\"2216\" data-end=\"2255\">izmantot tre\u0161o pu\u0161u izseko\u0161anas r\u012bkus<\/p>\n<\/li>\n<li data-start=\"2256\" data-end=\"2303\">\n<p data-start=\"2258\" data-end=\"2303\">uzraudz\u012bt j\u016bsu mijiedarb\u012bbu ar iegulto saturu<\/p>\n<\/li>\n<\/ul>\n<hr data-start=\"2305\" data-end=\"2308\" \/>\n<h2 data-start=\"2310\" data-end=\"2343\">Ar ko m\u0113s kop\u012bgojam j\u016bsu datus<\/h2>\n<p data-start=\"2344\" data-end=\"2446\">Ja j\u016bs piepras\u0101t paroles atjauno\u0161anu, j\u016bsu <strong data-start=\"2387\" data-end=\"2400\">IP adrese<\/strong> tiks iek\u013cauta paroles atiestat\u012b\u0161anas e-past\u0101.<\/p>\n<hr data-start=\"2448\" data-end=\"2451\" \/>\n<h2 data-start=\"2453\" data-end=\"2488\">Cik ilgi m\u0113s glab\u0101jam j\u016bsu datus<\/h2>\n<p data-start=\"2489\" data-end=\"2646\">Ja j\u016bs atst\u0101jat koment\u0101ru, koment\u0101rs un t\u0101 metadati tiek saglab\u0101ti <strong data-start=\"2556\" data-end=\"2579\">uz nenoteiktu laiku<\/strong>. Tas \u013cauj autom\u0101tiski atpaz\u012bt un apstiprin\u0101t turpm\u0101kos koment\u0101rus.<\/p>\n<p data-start=\"2648\" data-end=\"2761\">Ja lietot\u0101ji re\u0123istr\u0113jas m\u016bsu vietn\u0113, m\u0113s saglab\u0101jam vi\u0146u profil\u0101 nor\u0101d\u012bto personisko inform\u0101ciju. Lietot\u0101ji var:<\/p>\n<ul data-start=\"2762\" data-end=\"2828\">\n<li data-start=\"2762\" data-end=\"2786\">\n<p data-start=\"2764\" data-end=\"2786\">apskat\u012bt savus datus<\/p>\n<\/li>\n<li data-start=\"2787\" data-end=\"2808\">\n<p data-start=\"2789\" data-end=\"2808\">labot savus datus<\/p>\n<\/li>\n<li data-start=\"2809\" data-end=\"2828\">\n<p data-start=\"2811\" data-end=\"2828\">dz\u0113st savus datus<\/p>\n<\/li>\n<\/ul>\n<p data-start=\"2830\" data-end=\"2894\">Vietnes administratori var ar\u012b redz\u0113t un redi\u0123\u0113t \u0161o inform\u0101ciju.<\/p>\n<hr data-start=\"2896\" data-end=\"2899\" \/>\n<h2 data-start=\"2901\" data-end=\"2937\">J\u016bsu ties\u012bbas attiec\u012bb\u0101 uz datiem<\/h2>\n<p data-start=\"2938\" data-end=\"3017\">Ja jums ir konts \u0161aj\u0101 vietn\u0113 vai esat atst\u0101jis koment\u0101rus, j\u016bs varat piepras\u012bt:<\/p>\n<ul data-start=\"3019\" data-end=\"3103\">\n<li data-start=\"3019\" data-end=\"3068\">\n<p data-start=\"3021\" data-end=\"3068\">sa\u0146emt eksport\u0113tu failu ar j\u016bsu personas datiem<\/p>\n<\/li>\n<li data-start=\"3069\" data-end=\"3103\">\n<p data-start=\"3071\" data-end=\"3103\">piepras\u012bt visu j\u016bsu datu dz\u0113\u0161anu<\/p>\n<\/li>\n<\/ul>\n<p data-start=\"3105\" data-end=\"3219\">Tas neattiecas uz datiem, kurus mums nepiecie\u0161ams saglab\u0101t <strong data-start=\"3164\" data-end=\"3218\">administrat\u012bvu, juridisku vai dro\u0161\u012bbas iemeslu d\u0113\u013c<\/strong>.<\/p>\n<hr data-start=\"3221\" data-end=\"3224\" \/>\n<h2 data-start=\"3226\" data-end=\"3256\">Kur tiek nos\u016bt\u012bti j\u016bsu dati<\/h2>\n<p data-start=\"3257\" data-end=\"3360\">Apmekl\u0113t\u0101ju koment\u0101ri var tikt p\u0101rbaud\u012bti, izmantojot <strong data-start=\"3311\" data-end=\"3359\">autom\u0101tisku surog\u0101tpasta noteik\u0161anas servisu<\/strong>.<\/p>\t\t\t\t\t\t\t\t<\/div>\n\t\t\t\t<\/div>\n\t\t\t\t\t<\/div>\n\t\t\t\t<\/div>\n\t\t\t\t<\/div>","protected":false},"excerpt":{"rendered":"<p>Priv\u0101tuma politika Kas m\u0113s esam M\u016bsu m\u0101jaslapas adrese ir: https:\/\/sodadream.lv. \u0160aj\u0101 priv\u0101tuma politik\u0101 ir aprakst\u012bts, k\u0101 m\u0113s apkopojam, izmantojam un aizsarg\u0101jam j\u016bsu personas datus, izmantojot m\u016bsu m\u0101jaslapu. Koment\u0101ri Kad apmekl\u0113t\u0101ji atst\u0101j koment\u0101rus m\u016bsu m\u0101jaslap\u0101, m\u0113s apkopojam koment\u0101ru form\u0101 ievad\u012btos datus, k\u0101 ar\u012b apmekl\u0113t\u0101ja IP adresi un p\u0101rl\u016bkprogrammas inform\u0101ciju, lai pal\u012bdz\u0113tu noteikt un nov\u0113rst surog\u0101tpastu (spam). [&hellip;]<\/p>\n","protected":false},"author":1,"featured_media":0,"parent":0,"menu_order":0,"comment_status":"closed","ping_status":"open","template":"","meta":{"site-sidebar-layout":"default","site-content-layout":"","ast-site-content-layout":"default","site-content-style":"default","site-sidebar-style":"default","ast-global-header-display":"","ast-banner-title-visibility":"","ast-main-header-display":"","ast-hfb-above-header-display":"","ast-hfb-below-header-display":"","ast-hfb-mobile-header-display":"","site-post-title":"","ast-breadcrumbs-content":"","ast-featured-img":"","footer-sml-layout":"","ast-disable-related-posts":"","theme-transparent-header-meta":"","adv-header-id-meta":"","stick-header-meta":"","header-above-stick-meta":"","header-main-stick-meta":"","header-below-stick-meta":"","astra-migrate-meta-layouts":"default","ast-page-background-enabled":"default","ast-page-background-meta":{"desktop":{"background-color":"","background-image":"","background-repeat":"repeat","background-position":"center center","background-size":"auto","background-attachment":"scroll","background-type":"","background-media":"","overlay-type":"","overlay-color":"","overlay-opacity":"","overlay-gradient":""},"tablet":{"background-color":"","background-image":"","background-repeat":"repeat","background-position":"center center","background-size":"auto","background-attachment":"scroll","background-type":"","background-media":"","overlay-type":"","overlay-color":"","overlay-opacity":"","overlay-gradient":""},"mobile":{"background-color":"","background-image":"","background-repeat":"repeat","background-position":"center center","background-size":"auto","background-attachment":"scroll","background-type":"","background-media":"","overlay-type":"","overlay-color":"","overlay-opacity":"","overlay-gradient":""}},"ast-content-background-meta":{"desktop":{"background-color":"var(--ast-global-color-5)","background-image":"","background-repeat":"repeat","background-position":"center center","background-size":"auto","background-attachment":"scroll","background-type":"","background-media":"","overlay-type":"","overlay-color":"","overlay-opacity":"","overlay-gradient":""},"tablet":{"background-color":"var(--ast-global-color-5)","background-image":"","background-repeat":"repeat","background-position":"center center","background-size":"auto","background-attachment":"scroll","background-type":"","background-media":"","overlay-type":"","overlay-color":"","overlay-opacity":"","overlay-gradient":""},"mobile":{"background-color":"var(--ast-global-color-5)","background-image":"","background-repeat":"repeat","background-position":"center center","background-size":"auto","background-attachment":"scroll","background-type":"","background-media":"","overlay-type":"","overlay-color":"","overlay-opacity":"","overlay-gradient":""}},"footnotes":""},"class_list":["post-3","page","type-page","status-publish","hentry"],"_links":{"self":[{"href":"https:\/\/sodadream.lv\/en_us\/wp-json\/wp\/v2\/pages\/3","targetHints":{"allow":["GET"]}}],"collection":[{"href":"https:\/\/sodadream.lv\/en_us\/wp-json\/wp\/v2\/pages"}],"about":[{"href":"https:\/\/sodadream.lv\/en_us\/wp-json\/wp\/v2\/types\/page"}],"author":[{"embeddable":true,"href":"https:\/\/sodadream.lv\/en_us\/wp-json\/wp\/v2\/users\/1"}],"replies":[{"embeddable":true,"href":"https:\/\/sodadream.lv\/en_us\/wp-json\/wp\/v2\/comments?post=3"}],"version-history":[{"count":3,"href":"https:\/\/sodadream.lv\/en_us\/wp-json\/wp\/v2\/pages\/3\/revisions"}],"predecessor-version":[{"id":3240,"href":"https:\/\/sodadream.lv\/en_us\/wp-json\/wp\/v2\/pages\/3\/revisions\/3240"}],"wp:attachment":[{"href":"https:\/\/sodadream.lv\/en_us\/wp-json\/wp\/v2\/media?parent=3"}],"curies":[{"name":"wp","href":"https:\/\/api.w.org\/{rel}","templated":true}]}}