{"id":3054,"date":"2026-03-09T22:49:59","date_gmt":"2026-03-09T22:49:59","guid":{"rendered":"https:\/\/sodadream.lv\/about-us-2\/"},"modified":"2026-04-04T09:48:23","modified_gmt":"2026-04-04T09:48:23","slug":"about-us-2","status":"publish","type":"page","link":"https:\/\/sodadream.lv\/en_us\/about-us-2\/","title":{"rendered":"About Us"},"content":{"rendered":"<div data-elementor-type=\"wp-post\" data-elementor-id=\"3054\" class=\"elementor elementor-3054\">\n\t\t\t\t<div class=\"elementor-element elementor-element-382155f e-flex e-con-boxed e-con e-parent\" data-id=\"382155f\" data-element_type=\"container\" data-e-type=\"container\" data-settings=\"{&quot;background_background&quot;:&quot;classic&quot;}\">\n\t\t\t\t\t<div class=\"e-con-inner\">\n\t\t<div class=\"elementor-element elementor-element-0d2fdfe e-con-full e-flex e-con e-child\" data-id=\"0d2fdfe\" data-element_type=\"container\" data-e-type=\"container\">\n\t\t\t\t<div class=\"elementor-element elementor-element-b1c7270 elementor-widget elementor-widget-heading\" data-id=\"b1c7270\" data-element_type=\"widget\" data-e-type=\"widget\" data-widget_type=\"heading.default\">\n\t\t\t\t<div class=\"elementor-widget-container\">\n\t\t\t\t\t<h1 class=\"elementor-heading-title elementor-size-default\">Par SodaDream<\/h1>\t\t\t\t<\/div>\n\t\t\t\t<\/div>\n\t\t\t\t<\/div>\n\t\t\t\t\t<\/div>\n\t\t\t\t<\/div>\n\t\t<div class=\"elementor-element elementor-element-c7bafd9 e-flex e-con-boxed e-con e-parent\" data-id=\"c7bafd9\" data-element_type=\"container\" data-e-type=\"container\" data-settings=\"{&quot;background_background&quot;:&quot;classic&quot;}\">\n\t\t\t\t\t<div class=\"e-con-inner\">\n\t\t<div class=\"elementor-element elementor-element-dd6a178 e-con-full e-flex e-con e-child\" data-id=\"dd6a178\" data-element_type=\"container\" data-e-type=\"container\">\n\t\t\t\t<div class=\"elementor-element elementor-element-cb9a59a elementor-widget elementor-widget-heading\" data-id=\"cb9a59a\" data-element_type=\"widget\" data-e-type=\"widget\" data-widget_type=\"heading.default\">\n\t\t\t\t<div class=\"elementor-widget-container\">\n\t\t\t\t\t<h2 class=\"elementor-heading-title elementor-size-default\">SodaDream \u2013 Par mums<\/h2>\t\t\t\t<\/div>\n\t\t\t\t<\/div>\n\t\t\t\t<div class=\"elementor-element elementor-element-2c013c7 elementor-widget elementor-widget-text-editor\" data-id=\"2c013c7\" data-element_type=\"widget\" data-e-type=\"widget\" data-widget_type=\"text-editor.default\">\n\t\t\t\t<div class=\"elementor-widget-container\">\n\t\t\t\t\t\t\t\t\t<p data-start=\"296\" data-end=\"419\">SodaDream rad\u0101s ar vienk\u0101r\u0161u ideju \u2013 padar\u012bt g\u0101z\u0113to dz\u0113rienu pagatavo\u0161anu m\u0101j\u0101s vienk\u0101r\u0161u, ekonomisku un videi draudz\u012bgu.<\/p><p data-start=\"421\" data-end=\"548\">Ar m\u016bsu g\u0101z\u0113\u0161anas apar\u0101tiem un s\u012brupiem ikviens var p\u0101rv\u0113rst parastu \u016bdeni par atsvaidzino\u0161u dz\u0113rienu tikai da\u017eu sekun\u017eu laik\u0101.<\/p><p data-start=\"550\" data-end=\"565\">M\u0113s pied\u0101v\u0101jam:<\/p><ul data-start=\"566\" data-end=\"659\"><li data-section-id=\"1jwhgmi\" data-start=\"566\" data-end=\"586\"><p data-start=\"568\" data-end=\"586\">g\u0101z\u0113\u0161anas apar\u0101tus<\/p><\/li><li data-section-id=\"1m9wn72\" data-start=\"587\" data-end=\"600\"><p data-start=\"589\" data-end=\"600\">CO\u2082 balonus<\/p><\/li><li data-section-id=\"13uds2y\" data-start=\"601\" data-end=\"623\"><p data-start=\"603\" data-end=\"623\">da\u017e\u0101du gar\u0161u s\u012brupus<\/p><\/li><li data-section-id=\"1opq764\" data-start=\"624\" data-end=\"659\"><p data-start=\"626\" data-end=\"659\">piederumus dz\u0113rienu pagatavo\u0161anai<\/p><\/li><\/ul><p data-start=\"661\" data-end=\"746\">M\u016bsu m\u0113r\u0137is ir padar\u012bt dz\u0113rienu gatavo\u0161anu m\u0101j\u0101s<\/p><p data-start=\"661\" data-end=\"746\"><strong data-start=\"710\" data-end=\"745\">\u0113rtu, \u0101tru un pieejamu ikvienam<\/strong>.<\/p>\t\t\t\t\t\t\t\t<\/div>\n\t\t\t\t<\/div>\n\t\t\t\t<div class=\"elementor-element elementor-element-adbb3f3 elementor-widget elementor-widget-text-editor\" data-id=\"adbb3f3\" data-element_type=\"widget\" data-e-type=\"widget\" data-widget_type=\"text-editor.default\">\n\t\t\t\t<div class=\"elementor-widget-container\">\n\t\t\t\t\t\t\t\t\t<h2 data-start=\"181\" data-end=\"206\"><strong data-start=\"181\" data-end=\"206\">K\u0101 darbojas SodaDream<\/strong><\/h2><h3 data-start=\"208\" data-end=\"265\">Pagatavo svaigu g\u0101z\u0113tu dz\u0113rienu tikai<\/h3><h3 data-start=\"208\" data-end=\"265\">da\u017eu sekun\u017eu laik\u0101.<\/h3>\t\t\t\t\t\t\t\t<\/div>\n\t\t\t\t<\/div>\n\t\t\t\t<div class=\"elementor-element elementor-element-ec73f21 elementor-widget elementor-widget-image\" data-id=\"ec73f21\" data-element_type=\"widget\" data-e-type=\"widget\" data-widget_type=\"image.default\">\n\t\t\t\t<div class=\"elementor-widget-container\">\n\t\t\t\t\t\t\t\t\t\t\t\t\t\t\t<img fetchpriority=\"high\" decoding=\"async\" width=\"1080\" height=\"1067\" src=\"https:\/\/sodadream.lv\/wp-content\/uploads\/2026\/03\/18-1.jpg\" class=\"attachment-full size-full wp-image-3355\" alt=\"&quot;SodaDream apar\u0101ta lieto\u0161anas so\u013ci dz\u0113riena pagatavo\u0161anai&quot;\" srcset=\"https:\/\/sodadream.lv\/wp-content\/uploads\/2026\/03\/18-1.jpg 1080w, https:\/\/sodadream.lv\/wp-content\/uploads\/2026\/03\/18-1-300x296.jpg 300w, https:\/\/sodadream.lv\/wp-content\/uploads\/2026\/03\/18-1-1024x1012.jpg 1024w, https:\/\/sodadream.lv\/wp-content\/uploads\/2026\/03\/18-1-768x759.jpg 768w, https:\/\/sodadream.lv\/wp-content\/uploads\/2026\/03\/18-1-12x12.jpg 12w, https:\/\/sodadream.lv\/wp-content\/uploads\/2026\/03\/18-1-600x593.jpg 600w, https:\/\/sodadream.lv\/wp-content\/uploads\/2026\/03\/18-1-100x100.jpg 100w\" sizes=\"(max-width: 1080px) 100vw, 1080px\" title=\"About Us\">\t\t\t\t\t\t\t\t\t\t\t\t\t\t\t<\/div>\n\t\t\t\t<\/div>\n\t\t\t\t<div class=\"elementor-element elementor-element-5406152 elementor-widget elementor-widget-text-editor\" data-id=\"5406152\" data-element_type=\"widget\" data-e-type=\"widget\" data-widget_type=\"text-editor.default\">\n\t\t\t\t<div class=\"elementor-widget-container\">\n\t\t\t\t\t\t\t\t\t<h1 data-section-id=\"135she9\" data-start=\"272\" data-end=\"283\">1\ufe0f\u20e3 solis<\/h1><p data-start=\"284\" data-end=\"306\"><strong data-start=\"284\" data-end=\"306\">Ievieto CO\u2082 balonu<\/strong><\/p><p data-start=\"308\" data-end=\"354\">Atver apar\u0101tu un ievieto CO\u2082 balonu g\u0101z\u0113\u0161anai.<\/p><hr data-start=\"356\" data-end=\"359\" \/><h1 data-section-id=\"4jktua\" data-start=\"361\" data-end=\"372\">2\ufe0f\u20e3 solis<\/h1><p data-start=\"373\" data-end=\"401\"><strong data-start=\"373\" data-end=\"401\">Piepildi pudeli ar \u016bdeni<\/strong><\/p><p data-start=\"403\" data-end=\"466\">Piepildi SodaDream pudeli ar aukstu \u016bdeni un pievieno apar\u0101tam.<\/p><h1 data-section-id=\"9dy9zn\" data-start=\"473\" data-end=\"484\">3\ufe0f\u20e3 solis<\/h1><p data-start=\"485\" data-end=\"502\"><strong data-start=\"485\" data-end=\"502\">Pievieno g\u0101zi<\/strong><\/p><p data-start=\"504\" data-end=\"562\">Nospied sviru, lai \u016bdens k\u013c\u016btu par svaigu g\u0101z\u0113tu dz\u0113rienu.<\/p><hr data-start=\"564\" data-end=\"567\" \/><h1 data-section-id=\"39n40k\" data-start=\"569\" data-end=\"580\">4\ufe0f\u20e3 solis<\/h1><p data-start=\"581\" data-end=\"599\"><strong data-start=\"581\" data-end=\"599\">Pievieno gar\u0161u<\/strong><\/p><p data-start=\"601\" data-end=\"660\">Pievieno izv\u0113l\u0113to s\u012brupu un izbaudi atsvaidzino\u0161u dz\u0113rienu.<\/p>\t\t\t\t\t\t\t\t<\/div>\n\t\t\t\t<\/div>\n\t\t\t\t<\/div>\n\t\t\t\t\t<\/div>\n\t\t\t\t<\/div>\n\t\t\t\t<section class=\"elementor-section elementor-top-section elementor-element elementor-element-5i562wx elementor-section-boxed elementor-section-height-default elementor-section-height-default\" data-id=\"5i562wx\" data-element_type=\"section\" data-e-type=\"section\">\n\t\t\t\t\t\t<div class=\"elementor-container elementor-column-gap-no\">\n\t\t\t\t\t<div class=\"elementor-column elementor-col-50 elementor-top-column elementor-element elementor-element-18a8196\" data-id=\"18a8196\" data-element_type=\"column\" data-e-type=\"column\">\n\t\t\t<div class=\"elementor-widget-wrap elementor-element-populated\">\n\t\t\t\t\t\t<div class=\"elementor-element elementor-element-96f44df elementor-vertical-align-top elementor-widget elementor-widget-image-box\" data-id=\"96f44df\" data-element_type=\"widget\" data-e-type=\"widget\" data-widget_type=\"image-box.default\">\n\t\t\t\t<div class=\"elementor-widget-container\">\n\t\t\t\t\t<div class=\"elementor-image-box-wrapper\"><div class=\"elementor-image-box-content\"><h2 class=\"elementor-image-box-title\">K\u0101p\u0113c izv\u0113l\u0113ties SodaDream<\/h2><\/div><\/div>\t\t\t\t<\/div>\n\t\t\t\t<\/div>\n\t\t\t\t\t<\/div>\n\t\t<\/div>\n\t\t\t\t<div class=\"elementor-column elementor-col-25 elementor-top-column elementor-element elementor-element-3dbe29b\" data-id=\"3dbe29b\" data-element_type=\"column\" data-e-type=\"column\">\n\t\t\t<div class=\"elementor-widget-wrap elementor-element-populated\">\n\t\t\t\t\t\t<div class=\"elementor-element elementor-element-2ce1fb0 elementor-vertical-align-top elementor-widget elementor-widget-image-box\" data-id=\"2ce1fb0\" data-element_type=\"widget\" data-e-type=\"widget\" data-widget_type=\"image-box.default\">\n\t\t\t\t<div class=\"elementor-widget-container\">\n\t\t\t\t\t<div class=\"elementor-image-box-wrapper\"><div class=\"elementor-image-box-content\"><h3 class=\"elementor-image-box-title\">\u2714 Pagatavo dz\u0113rienu da\u017eu sekun\u017eu laik\u0101<\/h3><\/div><\/div>\t\t\t\t<\/div>\n\t\t\t\t<\/div>\n\t\t\t\t<div class=\"elementor-element elementor-element-48015ab elementor-vertical-align-top elementor-widget elementor-widget-image-box\" data-id=\"48015ab\" data-element_type=\"widget\" data-e-type=\"widget\" data-widget_type=\"image-box.default\">\n\t\t\t\t<div class=\"elementor-widget-container\">\n\t\t\t\t\t<div class=\"elementor-image-box-wrapper\"><div class=\"elementor-image-box-content\"><h3 class=\"elementor-image-box-title\">\u2714 Ekonomiski \u2013 l\u012bdz 10 litriem no viena s\u012brupa<\/h3><\/div><\/div>\t\t\t\t<\/div>\n\t\t\t\t<\/div>\n\t\t\t\t\t<\/div>\n\t\t<\/div>\n\t\t\t\t<div class=\"elementor-column elementor-col-25 elementor-top-column elementor-element elementor-element-f35b852\" data-id=\"f35b852\" data-element_type=\"column\" data-e-type=\"column\">\n\t\t\t<div class=\"elementor-widget-wrap elementor-element-populated\">\n\t\t\t\t\t\t<div class=\"elementor-element elementor-element-4cd2a7e elementor-vertical-align-top elementor-widget elementor-widget-image-box\" data-id=\"4cd2a7e\" data-element_type=\"widget\" data-e-type=\"widget\" data-widget_type=\"image-box.default\">\n\t\t\t\t<div class=\"elementor-widget-container\">\n\t\t\t\t\t<div class=\"elementor-image-box-wrapper\"><div class=\"elementor-image-box-content\"><h3 class=\"elementor-image-box-title\">\u2714 Videi draudz\u012bgi \u2013 maz\u0101k plastmasas<\/h3><\/div><\/div>\t\t\t\t<\/div>\n\t\t\t\t<\/div>\n\t\t\t\t<div class=\"elementor-element elementor-element-3eca1f0 elementor-vertical-align-top elementor-widget elementor-widget-image-box\" data-id=\"3eca1f0\" data-element_type=\"widget\" data-e-type=\"widget\" data-widget_type=\"image-box.default\">\n\t\t\t\t<div class=\"elementor-widget-container\">\n\t\t\t\t\t<div class=\"elementor-image-box-wrapper\"><div class=\"elementor-image-box-content\"><h3 class=\"elementor-image-box-title\">\u2714 Da\u017e\u0101das gar\u0161as<\/h3><\/div><\/div>\t\t\t\t<\/div>\n\t\t\t\t<\/div>\n\t\t\t\t\t<\/div>\n\t\t<\/div>\n\t\t\t\t\t<\/div>\n\t\t<\/section>\n\t\t\t\t<\/div>","protected":false},"excerpt":{"rendered":"<p>Par SodaDream SodaDream \u2013 Par mums SodaDream rad\u0101s ar vienk\u0101r\u0161u ideju \u2013 padar\u012bt g\u0101z\u0113to dz\u0113rienu pagatavo\u0161anu m\u0101j\u0101s vienk\u0101r\u0161u, ekonomisku un videi draudz\u012bgu. Ar m\u016bsu g\u0101z\u0113\u0161anas apar\u0101tiem un s\u012brupiem ikviens var p\u0101rv\u0113rst parastu \u016bdeni par atsvaidzino\u0161u dz\u0113rienu tikai da\u017eu sekun\u017eu laik\u0101. M\u0113s pied\u0101v\u0101jam: g\u0101z\u0113\u0161anas apar\u0101tus CO\u2082 balonus da\u017e\u0101du gar\u0161u s\u012brupus piederumus dz\u0113rienu pagatavo\u0161anai M\u016bsu m\u0113r\u0137is ir [&hellip;]<\/p>\n","protected":false},"author":1,"featured_media":0,"parent":0,"menu_order":0,"comment_status":"closed","ping_status":"closed","template":"","meta":{"site-sidebar-layout":"no-sidebar","site-content-layout":"page-builder","ast-site-content-layout":"default","site-content-style":"default","site-sidebar-style":"default","ast-global-header-display":"","ast-banner-title-visibility":"","ast-main-header-display":"","ast-hfb-above-header-display":"","ast-hfb-below-header-display":"","ast-hfb-mobile-header-display":"","site-post-title":"disabled","ast-breadcrumbs-content":"","ast-featured-img":"disabled","footer-sml-layout":"","ast-disable-related-posts":"","theme-transparent-header-meta":"enabled","adv-header-id-meta":"","stick-header-meta":"","header-above-stick-meta":"","header-main-stick-meta":"","header-below-stick-meta":"","astra-migrate-meta-layouts":"default","ast-page-background-enabled":"default","ast-page-background-meta":{"desktop":{"background-color":"","background-image":"","background-repeat":"repeat","background-position":"center center","background-size":"auto","background-attachment":"scroll","background-type":"","background-media":"","overlay-type":"","overlay-color":"","overlay-opacity":"","overlay-gradient":""},"tablet":{"background-color":"","background-image":"","background-repeat":"repeat","background-position":"center center","background-size":"auto","background-attachment":"scroll","background-type":"","background-media":"","overlay-type":"","overlay-color":"","overlay-opacity":"","overlay-gradient":""},"mobile":{"background-color":"","background-image":"","background-repeat":"repeat","background-position":"center center","background-size":"auto","background-attachment":"scroll","background-type":"","background-media":"","overlay-type":"","overlay-color":"","overlay-opacity":"","overlay-gradient":""}},"ast-content-background-meta":{"desktop":{"background-color":"var(--ast-global-color-5)","background-image":"","background-repeat":"repeat","background-position":"center center","background-size":"auto","background-attachment":"scroll","background-type":"","background-media":"","overlay-type":"","overlay-color":"","overlay-opacity":"","overlay-gradient":""},"tablet":{"background-color":"var(--ast-global-color-5)","background-image":"","background-repeat":"repeat","background-position":"center center","background-size":"auto","background-attachment":"scroll","background-type":"","background-media":"","overlay-type":"","overlay-color":"","overlay-opacity":"","overlay-gradient":""},"mobile":{"background-color":"var(--ast-global-color-5)","background-image":"","background-repeat":"repeat","background-position":"center center","background-size":"auto","background-attachment":"scroll","background-type":"","background-media":"","overlay-type":"","overlay-color":"","overlay-opacity":"","overlay-gradient":""}},"footnotes":""},"class_list":["post-3054","page","type-page","status-publish","hentry"],"_links":{"self":[{"href":"https:\/\/sodadream.lv\/en_us\/wp-json\/wp\/v2\/pages\/3054","targetHints":{"allow":["GET"]}}],"collection":[{"href":"https:\/\/sodadream.lv\/en_us\/wp-json\/wp\/v2\/pages"}],"about":[{"href":"https:\/\/sodadream.lv\/en_us\/wp-json\/wp\/v2\/types\/page"}],"author":[{"embeddable":true,"href":"https:\/\/sodadream.lv\/en_us\/wp-json\/wp\/v2\/users\/1"}],"replies":[{"embeddable":true,"href":"https:\/\/sodadream.lv\/en_us\/wp-json\/wp\/v2\/comments?post=3054"}],"version-history":[{"count":6,"href":"https:\/\/sodadream.lv\/en_us\/wp-json\/wp\/v2\/pages\/3054\/revisions"}],"predecessor-version":[{"id":3407,"href":"https:\/\/sodadream.lv\/en_us\/wp-json\/wp\/v2\/pages\/3054\/revisions\/3407"}],"wp:attachment":[{"href":"https:\/\/sodadream.lv\/en_us\/wp-json\/wp\/v2\/media?parent=3054"}],"curies":[{"name":"wp","href":"https:\/\/api.w.org\/{rel}","templated":true}]}}