{"id":3415,"date":"2026-04-04T11:12:45","date_gmt":"2026-04-04T11:12:45","guid":{"rendered":"https:\/\/sodadream.lv\/?page_id=3415"},"modified":"2026-04-04T11:38:31","modified_gmt":"2026-04-04T11:38:31","slug":"blogs","status":"publish","type":"page","link":"https:\/\/sodadream.lv\/en_us\/blogs\/","title":{"rendered":"Blogs"},"content":{"rendered":"<div data-elementor-type=\"wp-page\" data-elementor-id=\"3415\" class=\"elementor elementor-3415\">\n\t\t\t\t<div class=\"elementor-element elementor-element-41eb44f e-flex e-con-boxed e-con e-parent\" data-id=\"41eb44f\" data-element_type=\"container\" data-e-type=\"container\">\n\t\t\t\t\t<div class=\"e-con-inner\">\n\t\t\t\t<div class=\"elementor-element elementor-element-bdeb8c6 elementor-widget elementor-widget-hfe-basic-posts\" data-id=\"bdeb8c6\" data-element_type=\"widget\" data-e-type=\"widget\" data-widget_type=\"hfe-basic-posts.default\">\n\t\t\t\t<div class=\"elementor-widget-container\">\n\t\t\t\t\t\n<div class=\"hfe-posts-grid\">\n\t\t\t<article class=\"hfe-post-card\">\n\t\t\t\t\t\t\t<div class=\"hfe-post-image\">\n\t\t\t\t\t<a href=\"https:\/\/sodadream.lv\/en_us\/ka-gazet-udeni-majas-soli-pa-solim-iesacejiem\/\" rel=\"bookmark\">\n\t\t\t\t\t\t<img loading=\"lazy\" decoding=\"async\" width=\"300\" height=\"296\" src=\"https:\/\/sodadream.lv\/wp-content\/uploads\/2026\/03\/18-1-300x296.jpg\" class=\"attachment-medium size-medium wp-post-image\" alt=\"K\u0101 g\u0101z\u0113t \u016bdeni m\u0101j\u0101s \u2013 soli pa solim ies\u0101c\u0113jiem\" srcset=\"https:\/\/sodadream.lv\/wp-content\/uploads\/2026\/03\/18-1-300x296.jpg 300w, https:\/\/sodadream.lv\/wp-content\/uploads\/2026\/03\/18-1-1024x1012.jpg 1024w, https:\/\/sodadream.lv\/wp-content\/uploads\/2026\/03\/18-1-768x759.jpg 768w, https:\/\/sodadream.lv\/wp-content\/uploads\/2026\/03\/18-1-12x12.jpg 12w, https:\/\/sodadream.lv\/wp-content\/uploads\/2026\/03\/18-1-600x593.jpg 600w, https:\/\/sodadream.lv\/wp-content\/uploads\/2026\/03\/18-1-100x100.jpg 100w, https:\/\/sodadream.lv\/wp-content\/uploads\/2026\/03\/18-1.jpg 1080w\" sizes=\"auto, (max-width: 300px) 100vw, 300px\" title=\"K\u0101 g\u0101z\u0113t \u016bdeni m\u0101j\u0101s \u2013 soli pa solim ies\u0101c\u0113jiem\">\t\t\t\t\t<\/a>\n\t\t\t\t<\/div>\n\t\t\t\n\t\t\t<div class=\"hfe-post-content\">\n\t\t\t\t\t\t\t\t\t<h3 class=\"hfe-post-title\">\n\t\t\t\t\t\t<a href=\"https:\/\/sodadream.lv\/en_us\/ka-gazet-udeni-majas-soli-pa-solim-iesacejiem\/\" rel=\"bookmark\">\n\t\t\t\t\t\t\tK\u0101 g\u0101z\u0113t \u016bdeni m\u0101j\u0101s \u2013 soli pa solim ies\u0101c\u0113jiem\t\t\t\t\t\t<\/a>\n\t\t\t\t\t<\/h3>\n\t\t\t\t\n\t\t\t\t\t\t\t\t\t<div class=\"hfe-post-meta\">\n\t\t\t\t\t\t<span class=\"hfe-post-date\">April 4, 2026<\/span><span class=\"hfe-meta-separator\"> | <\/span><span class=\"hfe-post-author\">by joskejoske2012@gmail.com<\/span>\t\t\t\t\t<\/div>\n\t\t\t\t\n\t\t\t\t\t\t\t\t\t<div class=\"hfe-post-excerpt\">\n\t\t\t\t\t\tUzzini, k\u0101 pareizi g\u0101z\u0113t \u016bdeni m\u0101j\u0101s ar soda apar\u0101tu. Tas ir vienk\u0101r\u0161i, \u0101tri un daudz izdev\u012bg\u0101k nek\u0101 pirkt veikal\u0101. \ud83d\udca7...\t\t\t\t\t<\/div>\n\t\t\t\t\n\t\t\t\t\t\t\t\t\t<a href=\"https:\/\/sodadream.lv\/en_us\/ka-gazet-udeni-majas-soli-pa-solim-iesacejiem\/\" class=\"hfe-read-more\" rel=\"bookmark\">\n\t\t\t\t\t\tLas\u012bt vair\u0101k \u2192\t\t\t\t\t<\/a>\n\t\t\t\t\t\t\t<\/div>\n\t\t<\/article>\n\t\t\t\t<article class=\"hfe-post-card\">\n\t\t\t\t\t\t\t<div class=\"hfe-post-image\">\n\t\t\t\t\t<a href=\"https:\/\/sodadream.lv\/en_us\/%f0%9f%92%a7-vai-ir-izdevigi-gazet-udeni-majas\/\" rel=\"bookmark\">\n\t\t\t\t\t\t<img loading=\"lazy\" decoding=\"async\" width=\"300\" height=\"227\" src=\"https:\/\/sodadream.lv\/wp-content\/uploads\/2026\/03\/19-300x227.jpg\" class=\"attachment-medium size-medium wp-post-image\" alt=\"\ud83d\udca7 Vai ir izdev\u012bgi g\u0101z\u0113t \u016bdeni m\u0101j\u0101s?\" srcset=\"https:\/\/sodadream.lv\/wp-content\/uploads\/2026\/03\/19-300x227.jpg 300w, https:\/\/sodadream.lv\/wp-content\/uploads\/2026\/03\/19-1024x774.jpg 1024w, https:\/\/sodadream.lv\/wp-content\/uploads\/2026\/03\/19-768x581.jpg 768w, https:\/\/sodadream.lv\/wp-content\/uploads\/2026\/03\/19-1536x1162.jpg 1536w, https:\/\/sodadream.lv\/wp-content\/uploads\/2026\/03\/19-600x454.jpg 600w, https:\/\/sodadream.lv\/wp-content\/uploads\/2026\/03\/19.jpg 1600w\" sizes=\"auto, (max-width: 300px) 100vw, 300px\" title=\"\ud83d\udca7 Vai ir izdev\u012bgi g\u0101z\u0113t \u016bdeni m\u0101j\u0101s?\">\t\t\t\t\t<\/a>\n\t\t\t\t<\/div>\n\t\t\t\n\t\t\t<div class=\"hfe-post-content\">\n\t\t\t\t\t\t\t\t\t<h3 class=\"hfe-post-title\">\n\t\t\t\t\t\t<a href=\"https:\/\/sodadream.lv\/en_us\/%f0%9f%92%a7-vai-ir-izdevigi-gazet-udeni-majas\/\" rel=\"bookmark\">\n\t\t\t\t\t\t\t\ud83d\udca7 Vai ir izdev\u012bgi g\u0101z\u0113t \u016bdeni m\u0101j\u0101s?\t\t\t\t\t\t<\/a>\n\t\t\t\t\t<\/h3>\n\t\t\t\t\n\t\t\t\t\t\t\t\t\t<div class=\"hfe-post-meta\">\n\t\t\t\t\t\t<span class=\"hfe-post-date\">April 4, 2026<\/span><span class=\"hfe-meta-separator\"> | <\/span><span class=\"hfe-post-author\">by joskejoske2012@gmail.com<\/span>\t\t\t\t\t<\/div>\n\t\t\t\t\n\t\t\t\t\t\t\t\t\t<div class=\"hfe-post-excerpt\">\n\t\t\t\t\t\tUzzini, k\u0101 ar SodaDream vari ietaup\u012bt l\u012bdz 600\u20ac gad\u0101 \u2b50\u2b50\u2b50\u2b50\u2b50 4.8\/5 no klientiem\u2714 \u0100tra pieg\u0101de Latvij\u0101\u2714 1000+ apmierin\u0101tu klientu \ud83d\udcb8...\t\t\t\t\t<\/div>\n\t\t\t\t\n\t\t\t\t\t\t\t\t\t<a href=\"https:\/\/sodadream.lv\/en_us\/%f0%9f%92%a7-vai-ir-izdevigi-gazet-udeni-majas\/\" class=\"hfe-read-more\" rel=\"bookmark\">\n\t\t\t\t\t\tLas\u012bt vair\u0101k \u2192\t\t\t\t\t<\/a>\n\t\t\t\t\t\t\t<\/div>\n\t\t<\/article>\n\t\t<\/div>\n\t\t\t\t<\/div>\n\t\t\t\t<\/div>\n\t\t\t\t\t<\/div>\n\t\t\t\t<\/div>\n\t\t\t\t<\/div>","protected":false},"excerpt":{"rendered":"<p>\ud83d\udca7 Vai ir izdev\u012bgi g\u0101z\u0113t \u016bdeni m\u0101j\u0101s? April 4, 2026 | by joskejoske2012@gmail.com Uzzini, k\u0101 ar SodaDream vari ietaup\u012bt l\u012bdz 600\u20ac gad\u0101 \u2b50\u2b50\u2b50\u2b50\u2b50 4.8\/5 no klientiem\u2714 \u0100tra pieg\u0101de Latvij\u0101\u2714 1000+ apmierin\u0101tu klientu \ud83d\udcb8&#8230; Read More \u2192<\/p>","protected":false},"author":1,"featured_media":0,"parent":0,"menu_order":0,"comment_status":"closed","ping_status":"closed","template":"","meta":{"site-sidebar-layout":"no-sidebar","site-content-layout":"page-builder","ast-site-content-layout":"full-width-container","site-content-style":"default","site-sidebar-style":"default","ast-global-header-display":"","ast-banner-title-visibility":"","ast-main-header-display":"","ast-hfb-above-header-display":"","ast-hfb-below-header-display":"","ast-hfb-mobile-header-display":"","site-post-title":"","ast-breadcrumbs-content":"","ast-featured-img":"disabled","footer-sml-layout":"","ast-disable-related-posts":"","theme-transparent-header-meta":"","adv-header-id-meta":"","stick-header-meta":"","header-above-stick-meta":"","header-main-stick-meta":"","header-below-stick-meta":"","astra-migrate-meta-layouts":"set","ast-page-background-enabled":"default","ast-page-background-meta":{"desktop":{"background-color":"","background-image":"","background-repeat":"repeat","background-position":"center center","background-size":"auto","background-attachment":"scroll","background-type":"","background-media":"","overlay-type":"","overlay-color":"","overlay-opacity":"","overlay-gradient":""},"tablet":{"background-color":"","background-image":"","background-repeat":"repeat","background-position":"center center","background-size":"auto","background-attachment":"scroll","background-type":"","background-media":"","overlay-type":"","overlay-color":"","overlay-opacity":"","overlay-gradient":""},"mobile":{"background-color":"","background-image":"","background-repeat":"repeat","background-position":"center center","background-size":"auto","background-attachment":"scroll","background-type":"","background-media":"","overlay-type":"","overlay-color":"","overlay-opacity":"","overlay-gradient":""}},"ast-content-background-meta":{"desktop":{"background-color":"var(--ast-global-color-5)","background-image":"","background-repeat":"repeat","background-position":"center center","background-size":"auto","background-attachment":"scroll","background-type":"","background-media":"","overlay-type":"","overlay-color":"","overlay-opacity":"","overlay-gradient":""},"tablet":{"background-color":"var(--ast-global-color-5)","background-image":"","background-repeat":"repeat","background-position":"center center","background-size":"auto","background-attachment":"scroll","background-type":"","background-media":"","overlay-type":"","overlay-color":"","overlay-opacity":"","overlay-gradient":""},"mobile":{"background-color":"var(--ast-global-color-5)","background-image":"","background-repeat":"repeat","background-position":"center center","background-size":"auto","background-attachment":"scroll","background-type":"","background-media":"","overlay-type":"","overlay-color":"","overlay-opacity":"","overlay-gradient":""}},"footnotes":""},"class_list":["post-3415","page","type-page","status-publish","hentry"],"_links":{"self":[{"href":"https:\/\/sodadream.lv\/en_us\/wp-json\/wp\/v2\/pages\/3415","targetHints":{"allow":["GET"]}}],"collection":[{"href":"https:\/\/sodadream.lv\/en_us\/wp-json\/wp\/v2\/pages"}],"about":[{"href":"https:\/\/sodadream.lv\/en_us\/wp-json\/wp\/v2\/types\/page"}],"author":[{"embeddable":true,"href":"https:\/\/sodadream.lv\/en_us\/wp-json\/wp\/v2\/users\/1"}],"replies":[{"embeddable":true,"href":"https:\/\/sodadream.lv\/en_us\/wp-json\/wp\/v2\/comments?post=3415"}],"version-history":[{"count":7,"href":"https:\/\/sodadream.lv\/en_us\/wp-json\/wp\/v2\/pages\/3415\/revisions"}],"predecessor-version":[{"id":3425,"href":"https:\/\/sodadream.lv\/en_us\/wp-json\/wp\/v2\/pages\/3415\/revisions\/3425"}],"wp:attachment":[{"href":"https:\/\/sodadream.lv\/en_us\/wp-json\/wp\/v2\/media?parent=3415"}],"curies":[{"name":"wp","href":"https:\/\/api.w.org\/{rel}","templated":true}]}}