{"id":3272,"date":"2026-03-11T21:34:11","date_gmt":"2026-03-11T21:34:11","guid":{"rendered":"https:\/\/sodadream.lv\/?post_type=product&#038;p=3272"},"modified":"2026-04-03T11:17:21","modified_gmt":"2026-04-03T11:17:21","slug":"lux-hrom","status":"publish","type":"product","link":"https:\/\/sodadream.lv\/en_us\/product\/lux-hrom\/","title":{"rendered":"Lux Hrom"},"content":{"rendered":"<h2>\u016adens dzirksto\u0161s elegant\u0101 versij\u0101<\/h2>\n<ul>\n<li><b>SodaDream Steel pies\u0101tin\u0101t\u0101ja intuit\u012bv\u0101 svira \u013cauj da\u017eu sekun\u017eu laik\u0101 p\u0101rv\u0113rst parasto \u016bdeni par perfekti g\u0101z\u0113tu dz\u0113rienu.<\/b>\u00a0Viena vienm\u0113r\u012bga kust\u012bba un viss ir pabeigts.<\/li>\n<\/ul>\n<ul>\n<li><b>Nav elektr\u012bbas, nav nevajadz\u012bgu pogu, nav sare\u017e\u0123\u012bjumu.<\/b>\u00a0J\u016bs izlemjat par karboniz\u0101cijas pak\u0101pi: maiga puto\u0161ana vai intens\u012bvi burbu\u013ci \u2013 vienk\u0101r\u0161i nospiediet sviru tik rei\u017eu, cik nepiecie\u0161ams.<\/li>\n<\/ul>\n<p><b>\u2705 Kas at\u0161\u0137ir SodaDream\u00a0 t\u0113rauda pies\u0101tin\u0101t\u0101ju?<\/b><\/p>\n<ul>\n<li><b>Viena svira = piln\u012bga kontrole p\u0101r burbu\u013ciem<\/b><\/li>\n<\/ul>\n<ul>\n<li><b>Bezvadu darb\u012bba<\/b>\u00a0\u2013 ier\u012bce darbojas bez elektr\u012bbas vai baterij\u0101m<\/li>\n<\/ul>\n<ul>\n<li><b>Vienm\u0113r gatavs lieto\u0161anai<\/b>\u00a0\u2013 neatkar\u012bgi no t\u0101, kur un kad<\/li>\n<\/ul>\n<ul>\n<li><b>Maz\u0101k plastmasas, vair\u0101k ietaup\u012bjumu<\/b>\u00a0\u2013 vairs nav j\u0101p\u0113rk pudel\u0113s pild\u012bts \u016bdens<\/li>\n<\/ul>","protected":false},"excerpt":{"rendered":"<h2>\u016adens dzirksto\u0161s elegant\u0101 versij\u0101<\/h2>\n<ul>\n<li><b>SodaDream Steel pies\u0101tin\u0101t\u0101ja intuit\u012bv\u0101 svira \u013cauj da\u017eu sekun\u017eu laik\u0101 p\u0101rv\u0113rst parasto \u016bdeni par perfekti g\u0101z\u0113tu dz\u0113rienu.<\/b>\u00a0Viena vienm\u0113r\u012bga kust\u012bba un viss ir pabeigts.<\/li>\n<\/ul>","protected":false},"featured_media":3296,"comment_status":"open","ping_status":"closed","template":"","meta":{"site-sidebar-layout":"default","site-content-layout":"","ast-site-content-layout":"default","site-content-style":"default","site-sidebar-style":"default","ast-global-header-display":"","ast-banner-title-visibility":"","ast-main-header-display":"","ast-hfb-above-header-display":"","ast-hfb-below-header-display":"","ast-hfb-mobile-header-display":"","site-post-title":"","ast-breadcrumbs-content":"","ast-featured-img":"","footer-sml-layout":"","ast-disable-related-posts":"","theme-transparent-header-meta":"default","adv-header-id-meta":"","stick-header-meta":"","header-above-stick-meta":"","header-main-stick-meta":"","header-below-stick-meta":"","astra-migrate-meta-layouts":"set","ast-page-background-enabled":"default","ast-page-background-meta":{"desktop":{"background-color":"","background-image":"","background-repeat":"repeat","background-position":"center center","background-size":"auto","background-attachment":"scroll","background-type":"","background-media":"","overlay-type":"","overlay-color":"","overlay-opacity":"","overlay-gradient":""},"tablet":{"background-color":"","background-image":"","background-repeat":"repeat","background-position":"center center","background-size":"auto","background-attachment":"scroll","background-type":"","background-media":"","overlay-type":"","overlay-color":"","overlay-opacity":"","overlay-gradient":""},"mobile":{"background-color":"","background-image":"","background-repeat":"repeat","background-position":"center center","background-size":"auto","background-attachment":"scroll","background-type":"","background-media":"","overlay-type":"","overlay-color":"","overlay-opacity":"","overlay-gradient":""}},"ast-content-background-meta":{"desktop":{"background-color":"var(--ast-global-color-5)","background-image":"","background-repeat":"repeat","background-position":"center center","background-size":"auto","background-attachment":"scroll","background-type":"","background-media":"","overlay-type":"","overlay-color":"","overlay-opacity":"","overlay-gradient":""},"tablet":{"background-color":"var(--ast-global-color-5)","background-image":"","background-repeat":"repeat","background-position":"center center","background-size":"auto","background-attachment":"scroll","background-type":"","background-media":"","overlay-type":"","overlay-color":"","overlay-opacity":"","overlay-gradient":""},"mobile":{"background-color":"var(--ast-global-color-5)","background-image":"","background-repeat":"repeat","background-position":"center center","background-size":"auto","background-attachment":"scroll","background-type":"","background-media":"","overlay-type":"","overlay-color":"","overlay-opacity":"","overlay-gradient":""}}},"product_brand":[],"product_cat":[32],"product_tag":[],"class_list":{"0":"post-3272","1":"product","2":"type-product","3":"status-publish","4":"has-post-thumbnail","6":"product_cat-gazes-aparati","7":"desktop-align-left","8":"tablet-align-left","9":"mobile-align-left","11":"first","12":"outofstock","13":"sale","14":"shipping-taxable","15":"purchasable","16":"product-type-simple"},"_links":{"self":[{"href":"https:\/\/sodadream.lv\/en_us\/wp-json\/wp\/v2\/product\/3272","targetHints":{"allow":["GET"]}}],"collection":[{"href":"https:\/\/sodadream.lv\/en_us\/wp-json\/wp\/v2\/product"}],"about":[{"href":"https:\/\/sodadream.lv\/en_us\/wp-json\/wp\/v2\/types\/product"}],"replies":[{"embeddable":true,"href":"https:\/\/sodadream.lv\/en_us\/wp-json\/wp\/v2\/comments?post=3272"}],"wp:featuredmedia":[{"embeddable":true,"href":"https:\/\/sodadream.lv\/en_us\/wp-json\/wp\/v2\/media\/3296"}],"wp:attachment":[{"href":"https:\/\/sodadream.lv\/en_us\/wp-json\/wp\/v2\/media?parent=3272"}],"wp:term":[{"taxonomy":"product_brand","embeddable":true,"href":"https:\/\/sodadream.lv\/en_us\/wp-json\/wp\/v2\/product_brand?post=3272"},{"taxonomy":"product_cat","embeddable":true,"href":"https:\/\/sodadream.lv\/en_us\/wp-json\/wp\/v2\/product_cat?post=3272"},{"taxonomy":"product_tag","embeddable":true,"href":"https:\/\/sodadream.lv\/en_us\/wp-json\/wp\/v2\/product_tag?post=3272"}],"curies":[{"name":"wp","href":"https:\/\/api.w.org\/{rel}","templated":true}]}}