{"id":3288,"date":"2026-03-11T21:42:49","date_gmt":"2026-03-11T21:42:49","guid":{"rendered":"https:\/\/sodadream.lv\/?post_type=product&#038;p=3288"},"modified":"2026-04-03T11:17:07","modified_gmt":"2026-04-03T11:17:07","slug":"pro-hrom","status":"publish","type":"product","link":"https:\/\/sodadream.lv\/en_us\/product\/pro-hrom\/","title":{"rendered":"Pro Hrom"},"content":{"rendered":"<h3 data-section-id=\"1i70b9c\" data-start=\"105\" data-end=\"147\">\u2728 Pagatavo g\u0101z\u0113tu \u016bdeni m\u0101j\u0101s sekund\u0113s<\/h3>\n<p data-start=\"149\" data-end=\"367\"><strong data-start=\"149\" data-end=\"183\">SodaDream g\u0101z\u0113t\u0101 \u016bdens apar\u0101ts<\/strong> \u013cauj \u0101tri un vienk\u0101r\u0161i pagatavot atsvaidzino\u0161u g\u0101z\u0113tu \u016bdeni un dz\u0113rienus tie\u0161i sav\u0101 virtuv\u0113. Moderns <strong data-start=\"285\" data-end=\"315\">ner\u016bs\u0113jo\u0161\u0101 t\u0113rauda dizains<\/strong> padara to par stil\u012bgu un praktisku virtuves ier\u012bci.<\/p>\n<hr data-start=\"369\" data-end=\"372\" \/>\n<h2 data-section-id=\"zmdikf\" data-start=\"374\" data-end=\"393\">\u2714\ufe0f Priek\u0161roc\u012bbas<\/h2>\n<ul data-start=\"394\" data-end=\"561\">\n<li data-section-id=\"1slg1hd\" data-start=\"394\" data-end=\"425\">\n<p data-start=\"396\" data-end=\"425\">G\u0101z\u0113 \u016bdeni <strong data-start=\"407\" data-end=\"425\">da\u017e\u0101s sekund\u0113s<\/strong><\/p>\n<\/li>\n<li data-section-id=\"18d42cw\" data-start=\"426\" data-end=\"454\">\n<p data-start=\"428\" data-end=\"454\"><strong data-start=\"428\" data-end=\"454\">Premium met\u0101la korpuss<\/strong><\/p>\n<\/li>\n<li data-section-id=\"1htkqfa\" data-start=\"455\" data-end=\"485\">\n<p data-start=\"457\" data-end=\"485\">Kompakts un elegants dizains<\/p>\n<\/li>\n<li data-section-id=\"1ghtnaq\" data-start=\"486\" data-end=\"518\">\n<p data-start=\"488\" data-end=\"518\"><strong data-start=\"488\" data-end=\"518\">Atk\u0101rtoti lietojama pudele<\/strong><\/p>\n<\/li>\n<li data-section-id=\"c8dudw\" data-start=\"519\" data-end=\"561\">\n<p data-start=\"521\" data-end=\"561\">Maz\u0101k plastmasas un maz\u0101k veikala pude\u013cu<\/p>\n<\/li>\n<\/ul>\n<hr data-start=\"563\" data-end=\"566\" \/>\n<h2 data-section-id=\"1hy5wx5\" data-start=\"568\" data-end=\"592\">\ud83e\udd64 Izmanto dz\u0113rieniem<\/h2>\n<p data-start=\"593\" data-end=\"621\">Ar SodaDream vari pagatavot:<\/p>\n<ul data-start=\"622\" data-end=\"695\">\n<li data-section-id=\"1vi7qbv\" data-start=\"622\" data-end=\"638\">\n<p data-start=\"624\" data-end=\"638\">g\u0101z\u0113tu \u016bdeni<\/p>\n<\/li>\n<li data-section-id=\"nsvkut\" data-start=\"639\" data-end=\"659\">\n<p data-start=\"641\" data-end=\"659\">citronu limon\u0101di<\/p>\n<\/li>\n<li data-section-id=\"xmkyrt\" data-start=\"660\" data-end=\"679\">\n<p data-start=\"662\" data-end=\"679\">aug\u013cu dz\u0113rienus<\/p>\n<\/li>\n<li data-section-id=\"89uix2\" data-start=\"680\" data-end=\"695\">\n<p data-start=\"682\" data-end=\"695\">koktei\u013cu b\u0101zi<\/p>\n<\/li>\n<\/ul>\n<hr data-start=\"697\" data-end=\"700\" \/>\n<h2 data-section-id=\"1scc9ao\" data-start=\"702\" data-end=\"717\">\ud83d\udce6 Komplekt\u0101<\/h2>\n<ul data-start=\"718\" data-end=\"800\">\n<li data-section-id=\"74vk87\" data-start=\"718\" data-end=\"752\">\n<p data-start=\"720\" data-end=\"752\">SodaDream g\u0101z\u0113t\u0101 \u016bdens apar\u0101ts<\/p>\n<\/li>\n<li data-section-id=\"16h4fbq\" data-start=\"753\" data-end=\"773\">\n<p data-start=\"755\" data-end=\"773\">Uzpild\u0101ma pudele<\/p>\n<\/li>\n<li data-section-id=\"cqwq6a\" data-start=\"774\" data-end=\"800\">\n<p data-start=\"776\" data-end=\"800\">Lieto\u0161anas instrukcija<\/p>\n<\/li>\n<\/ul>\n<hr data-start=\"802\" data-end=\"805\" \/>\n<p data-start=\"807\" data-end=\"868\">\ud83d\udca7 <strong data-start=\"810\" data-end=\"868\">Vesel\u012bg\u0101ks un l\u0113t\u0101ks veids k\u0101 dzert g\u0101z\u0113tu \u016bdeni m\u0101j\u0101s<\/strong><\/p>\n<p data-start=\"870\" data-end=\"923\">\ud83d\udce6 \u0100tra pieg\u0101de Latvij\u0101<br data-start=\"893\" data-end=\"896\" \/>\ud83c\udf10 Pas\u016bti: <strong data-start=\"907\" data-end=\"923\">sodadream.lv<\/strong><\/p>","protected":false},"excerpt":{"rendered":"<p><strong data-start=\"0\" data-end=\"34\" data-is-only-node=\"\">SodaDream g\u0101z\u0113t\u0101 \u016bdens apar\u0101ts<\/strong> \u2013 pagatavo svaigu g\u0101z\u0113tu \u016bdeni m\u0101j\u0101s da\u017eu sekun\u017eu laik\u0101. Moderns ner\u016bs\u0113jo\u0161\u0101 t\u0113rauda dizains, \u0113rta lieto\u0161ana un atk\u0101rtoti lietojama pudele. Ide\u0101li g\u0101z\u0113tam \u016bdenim, limon\u0101d\u0113m un koktei\u013ciem.<\/p>","protected":false},"featured_media":3297,"comment_status":"open","ping_status":"closed","template":"","meta":{"site-sidebar-layout":"default","site-content-layout":"","ast-site-content-layout":"default","site-content-style":"default","site-sidebar-style":"default","ast-global-header-display":"","ast-banner-title-visibility":"","ast-main-header-display":"","ast-hfb-above-header-display":"","ast-hfb-below-header-display":"","ast-hfb-mobile-header-display":"","site-post-title":"","ast-breadcrumbs-content":"","ast-featured-img":"","footer-sml-layout":"","ast-disable-related-posts":"","theme-transparent-header-meta":"default","adv-header-id-meta":"","stick-header-meta":"","header-above-stick-meta":"","header-main-stick-meta":"","header-below-stick-meta":"","astra-migrate-meta-layouts":"set","ast-page-background-enabled":"default","ast-page-background-meta":{"desktop":{"background-color":"","background-image":"","background-repeat":"repeat","background-position":"center center","background-size":"auto","background-attachment":"scroll","background-type":"","background-media":"","overlay-type":"","overlay-color":"","overlay-opacity":"","overlay-gradient":""},"tablet":{"background-color":"","background-image":"","background-repeat":"repeat","background-position":"center center","background-size":"auto","background-attachment":"scroll","background-type":"","background-media":"","overlay-type":"","overlay-color":"","overlay-opacity":"","overlay-gradient":""},"mobile":{"background-color":"","background-image":"","background-repeat":"repeat","background-position":"center center","background-size":"auto","background-attachment":"scroll","background-type":"","background-media":"","overlay-type":"","overlay-color":"","overlay-opacity":"","overlay-gradient":""}},"ast-content-background-meta":{"desktop":{"background-color":"var(--ast-global-color-5)","background-image":"","background-repeat":"repeat","background-position":"center center","background-size":"auto","background-attachment":"scroll","background-type":"","background-media":"","overlay-type":"","overlay-color":"","overlay-opacity":"","overlay-gradient":""},"tablet":{"background-color":"var(--ast-global-color-5)","background-image":"","background-repeat":"repeat","background-position":"center center","background-size":"auto","background-attachment":"scroll","background-type":"","background-media":"","overlay-type":"","overlay-color":"","overlay-opacity":"","overlay-gradient":""},"mobile":{"background-color":"var(--ast-global-color-5)","background-image":"","background-repeat":"repeat","background-position":"center center","background-size":"auto","background-attachment":"scroll","background-type":"","background-media":"","overlay-type":"","overlay-color":"","overlay-opacity":"","overlay-gradient":""}}},"product_brand":[],"product_cat":[32],"product_tag":[35],"class_list":{"0":"post-3288","1":"product","2":"type-product","3":"status-publish","4":"has-post-thumbnail","6":"product_cat-gazes-aparati","7":"product_tag-sodadream-sodamaker-gazetsudens-sparklingwater-virtuvestehnika-kitchengadget-carbonatedwater-dzerienimajas","8":"desktop-align-left","9":"tablet-align-left","10":"mobile-align-left","12":"first","13":"outofstock","14":"sale","15":"shipping-taxable","16":"purchasable","17":"product-type-simple"},"_links":{"self":[{"href":"https:\/\/sodadream.lv\/en_us\/wp-json\/wp\/v2\/product\/3288","targetHints":{"allow":["GET"]}}],"collection":[{"href":"https:\/\/sodadream.lv\/en_us\/wp-json\/wp\/v2\/product"}],"about":[{"href":"https:\/\/sodadream.lv\/en_us\/wp-json\/wp\/v2\/types\/product"}],"replies":[{"embeddable":true,"href":"https:\/\/sodadream.lv\/en_us\/wp-json\/wp\/v2\/comments?post=3288"}],"wp:featuredmedia":[{"embeddable":true,"href":"https:\/\/sodadream.lv\/en_us\/wp-json\/wp\/v2\/media\/3297"}],"wp:attachment":[{"href":"https:\/\/sodadream.lv\/en_us\/wp-json\/wp\/v2\/media?parent=3288"}],"wp:term":[{"taxonomy":"product_brand","embeddable":true,"href":"https:\/\/sodadream.lv\/en_us\/wp-json\/wp\/v2\/product_brand?post=3288"},{"taxonomy":"product_cat","embeddable":true,"href":"https:\/\/sodadream.lv\/en_us\/wp-json\/wp\/v2\/product_cat?post=3288"},{"taxonomy":"product_tag","embeddable":true,"href":"https:\/\/sodadream.lv\/en_us\/wp-json\/wp\/v2\/product_tag?post=3288"}],"curies":[{"name":"wp","href":"https:\/\/api.w.org\/{rel}","templated":true}]}}