{"id":3291,"date":"2026-03-11T21:55:52","date_gmt":"2026-03-11T21:55:52","guid":{"rendered":"https:\/\/sodadream.lv\/?post_type=product&#038;p=3291"},"modified":"2026-04-03T11:17:56","modified_gmt":"2026-04-03T11:17:56","slug":"cosmo","status":"publish","type":"product","link":"https:\/\/sodadream.lv\/en_us\/product\/cosmo\/","title":{"rendered":"Vio"},"content":{"rendered":"<h2 data-section-id=\"1kwo4hx\" data-start=\"42\" data-end=\"104\">\ud83e\udd64 SodaDream g\u0101z\u0113t\u0101 \u016bdens apar\u0101ts \u2013 sarkans (jaunais modelis)<\/h2>\n<p data-start=\"106\" data-end=\"286\"><strong data-start=\"106\" data-end=\"170\">Pagatavo svaigu g\u0101z\u0113tu \u016bdeni m\u0101j\u0101s tikai da\u017eu sekun\u017eu laik\u0101!<\/strong><br data-start=\"170\" data-end=\"173\" \/>Moderns un elegants SodaDream apar\u0101ts \u013cauj p\u0101rv\u0113rst parastu \u016bdeni par atsvaidzino\u0161u dz\u0113rienu bez liekas piep\u016bles.<\/p>\n<hr data-start=\"288\" data-end=\"291\" \/>\n<h3 data-section-id=\"1uf4mq2\" data-start=\"293\" data-end=\"321\">\u2728 Galven\u0101s priek\u0161roc\u012bbas<\/h3>\n<p data-start=\"322\" data-end=\"537\">\u2714\ufe0f G\u0101z\u0113 \u016bdeni <strong data-start=\"336\" data-end=\"354\">da\u017e\u0101s sekund\u0113s<\/strong><br data-start=\"354\" data-end=\"357\" \/>\u2714\ufe0f <strong data-start=\"360\" data-end=\"386\">Elegants melns dizains<\/strong> \u2013 iederas jebkur\u0101 virtuv\u0113<br data-start=\"412\" data-end=\"415\" \/>\u2714\ufe0f <strong data-start=\"418\" data-end=\"448\">Atk\u0101rtoti lietojama pudele<\/strong><br data-start=\"448\" data-end=\"451\" \/>\u2714\ufe0f Vienk\u0101r\u0161a un \u0113rta lieto\u0161ana<br data-start=\"481\" data-end=\"484\" \/>\u2714\ufe0f Ide\u0101li <strong data-start=\"494\" data-end=\"537\">limon\u0101d\u0113m, koktei\u013ciem un g\u0101z\u0113tam \u016bdenim<\/strong><\/p>\n<hr data-start=\"539\" data-end=\"542\" \/>\n<h3 data-section-id=\"1ume5f7\" data-start=\"544\" data-end=\"560\">\ud83d\udce6 Komplekt\u0101<\/h3>\n<ul data-start=\"561\" data-end=\"638\">\n<li data-section-id=\"zasct5\" data-start=\"561\" data-end=\"592\">\n<p data-start=\"563\" data-end=\"592\">SodaDream g\u0101z\u0113\u0161anas apar\u0101ts<\/p>\n<\/li>\n<li data-section-id=\"16h4fbq\" data-start=\"593\" data-end=\"613\">\n<p data-start=\"595\" data-end=\"613\">Uzpild\u0101ma pudele<\/p>\n<\/li>\n<li data-section-id=\"135arcy\" data-start=\"614\" data-end=\"638\">\n<p data-start=\"616\" data-end=\"638\">Lieto\u0161anas instrukcija<\/p>\n<\/li>\n<\/ul>\n<hr data-start=\"640\" data-end=\"643\" \/>\n<h3 data-section-id=\"uhv3j2\" data-start=\"645\" data-end=\"676\">\ud83e\udd64 Pagatavo savus dz\u0113rienus<\/h3>\n<p data-start=\"677\" data-end=\"705\">Ar SodaDream vari pagatavot:<\/p>\n<ul data-start=\"706\" data-end=\"789\">\n<li data-section-id=\"1vi7qbv\" data-start=\"706\" data-end=\"722\">\n<p data-start=\"708\" data-end=\"722\">g\u0101z\u0113tu \u016bdeni<\/p>\n<\/li>\n<li data-section-id=\"32hkir\" data-start=\"723\" data-end=\"753\">\n<p data-start=\"725\" data-end=\"753\">citronu vai laima limon\u0101di<\/p>\n<\/li>\n<li data-section-id=\"xmkyrt\" data-start=\"754\" data-end=\"773\">\n<p data-start=\"756\" data-end=\"773\">aug\u013cu dz\u0113rienus<\/p>\n<\/li>\n<li data-section-id=\"89uix2\" data-start=\"774\" data-end=\"789\">\n<p data-start=\"776\" data-end=\"789\">koktei\u013cu b\u0101zi<\/p>\n<\/li>\n<\/ul>\n<hr data-start=\"791\" data-end=\"794\" \/>\n<p data-start=\"796\" data-end=\"883\">\ud83d\udcb0 <strong data-start=\"799\" data-end=\"850\">Ietaupi naudu \u2013 nav j\u0101p\u0113rk g\u0101z\u0113ts \u016bdens veikal\u0101<\/strong><br data-start=\"850\" data-end=\"853\" \/>\ud83c\udf31 <strong data-start=\"856\" data-end=\"883\">Maz\u0101k plastmasas pude\u013cu<\/strong><\/p>\n<p data-start=\"885\" data-end=\"912\">\ud83d\udce6 <strong data-start=\"888\" data-end=\"912\">\u0100tra pieg\u0101de Latvij\u0101<\/strong><\/p>\n<p data-start=\"914\" data-end=\"943\">\ud83c\udf10 Pieejams: <strong data-start=\"927\" data-end=\"943\">sodadream.lv<\/strong><\/p>","protected":false},"excerpt":{"rendered":"<p>\ud83e\udd64 SodaDream g\u0101z\u0113t\u0101 \u016bdens apar\u0101ts \u2013 sarkans (jaunais modelis) Pagatavo svaigu g\u0101z\u0113tu \u016bdeni m\u0101j\u0101s tikai da\u017eu sekun\u017eu laik\u0101!Moderns un elegants SodaDream apar\u0101ts \u013cauj p\u0101rv\u0113rst parastu \u016bdeni par atsvaidzino\u0161u dz\u0113rienu bez liekas piep\u016bles. \u2728 Galven\u0101s priek\u0161roc\u012bbas \u2714\ufe0f G\u0101z\u0113 \u016bdeni da\u017e\u0101s sekund\u0113s\u2714\ufe0f Elegants melns dizains \u2013 iederas jebkur\u0101 virtuv\u0113\u2714\ufe0f Atk\u0101rtoti lietojama pudele\u2714\ufe0f Vienk\u0101r\u0161a un \u0113rta lieto\u0161ana\u2714\ufe0f Ide\u0101li [&hellip;]<\/p>\n","protected":false},"featured_media":3375,"comment_status":"open","ping_status":"closed","template":"","meta":{"site-sidebar-layout":"default","site-content-layout":"","ast-site-content-layout":"default","site-content-style":"default","site-sidebar-style":"default","ast-global-header-display":"","ast-banner-title-visibility":"","ast-main-header-display":"","ast-hfb-above-header-display":"","ast-hfb-below-header-display":"","ast-hfb-mobile-header-display":"","site-post-title":"","ast-breadcrumbs-content":"","ast-featured-img":"","footer-sml-layout":"","ast-disable-related-posts":"","theme-transparent-header-meta":"default","adv-header-id-meta":"","stick-header-meta":"","header-above-stick-meta":"","header-main-stick-meta":"","header-below-stick-meta":"","astra-migrate-meta-layouts":"set","ast-page-background-enabled":"default","ast-page-background-meta":{"desktop":{"background-color":"","background-image":"","background-repeat":"repeat","background-position":"center center","background-size":"auto","background-attachment":"scroll","background-type":"","background-media":"","overlay-type":"","overlay-color":"","overlay-opacity":"","overlay-gradient":""},"tablet":{"background-color":"","background-image":"","background-repeat":"repeat","background-position":"center center","background-size":"auto","background-attachment":"scroll","background-type":"","background-media":"","overlay-type":"","overlay-color":"","overlay-opacity":"","overlay-gradient":""},"mobile":{"background-color":"","background-image":"","background-repeat":"repeat","background-position":"center center","background-size":"auto","background-attachment":"scroll","background-type":"","background-media":"","overlay-type":"","overlay-color":"","overlay-opacity":"","overlay-gradient":""}},"ast-content-background-meta":{"desktop":{"background-color":"var(--ast-global-color-5)","background-image":"","background-repeat":"repeat","background-position":"center center","background-size":"auto","background-attachment":"scroll","background-type":"","background-media":"","overlay-type":"","overlay-color":"","overlay-opacity":"","overlay-gradient":""},"tablet":{"background-color":"var(--ast-global-color-5)","background-image":"","background-repeat":"repeat","background-position":"center center","background-size":"auto","background-attachment":"scroll","background-type":"","background-media":"","overlay-type":"","overlay-color":"","overlay-opacity":"","overlay-gradient":""},"mobile":{"background-color":"var(--ast-global-color-5)","background-image":"","background-repeat":"repeat","background-position":"center center","background-size":"auto","background-attachment":"scroll","background-type":"","background-media":"","overlay-type":"","overlay-color":"","overlay-opacity":"","overlay-gradient":""}}},"product_brand":[],"product_cat":[32],"product_tag":[34],"class_list":{"0":"post-3291","1":"product","2":"type-product","3":"status-publish","4":"has-post-thumbnail","6":"product_cat-gazes-aparati","7":"product_tag-sodadream-gazetsudens-sodamaker-sparklingwater-virtuvestehnika-kitchengadget-carbonatedwater-dzerienimajas-healthydrinks-sodamachine","8":"desktop-align-left","9":"tablet-align-left","10":"mobile-align-left","12":"first","13":"outofstock","14":"sale","15":"shipping-taxable","16":"purchasable","17":"product-type-variable","18":"has-default-attributes"},"_links":{"self":[{"href":"https:\/\/sodadream.lv\/en_us\/wp-json\/wp\/v2\/product\/3291","targetHints":{"allow":["GET"]}}],"collection":[{"href":"https:\/\/sodadream.lv\/en_us\/wp-json\/wp\/v2\/product"}],"about":[{"href":"https:\/\/sodadream.lv\/en_us\/wp-json\/wp\/v2\/types\/product"}],"replies":[{"embeddable":true,"href":"https:\/\/sodadream.lv\/en_us\/wp-json\/wp\/v2\/comments?post=3291"}],"wp:featuredmedia":[{"embeddable":true,"href":"https:\/\/sodadream.lv\/en_us\/wp-json\/wp\/v2\/media\/3375"}],"wp:attachment":[{"href":"https:\/\/sodadream.lv\/en_us\/wp-json\/wp\/v2\/media?parent=3291"}],"wp:term":[{"taxonomy":"product_brand","embeddable":true,"href":"https:\/\/sodadream.lv\/en_us\/wp-json\/wp\/v2\/product_brand?post=3291"},{"taxonomy":"product_cat","embeddable":true,"href":"https:\/\/sodadream.lv\/en_us\/wp-json\/wp\/v2\/product_cat?post=3291"},{"taxonomy":"product_tag","embeddable":true,"href":"https:\/\/sodadream.lv\/en_us\/wp-json\/wp\/v2\/product_tag?post=3291"}],"curies":[{"name":"wp","href":"https:\/\/api.w.org\/{rel}","templated":true}]}}