{"id":3292,"date":"2026-03-11T21:57:41","date_gmt":"2026-03-11T21:57:41","guid":{"rendered":"https:\/\/sodadream.lv\/?post_type=product&#038;p=3292"},"modified":"2026-04-03T11:15:47","modified_gmt":"2026-04-03T11:15:47","slug":"future","status":"publish","type":"product","link":"https:\/\/sodadream.lv\/en_us\/product\/future\/","title":{"rendered":"Future"},"content":{"rendered":"<h2 data-section-id=\"1sfbmce\" data-start=\"484\" data-end=\"521\">Izveido savu g\u0101z\u0113to dz\u0113rienu m\u0101j\u0101s<\/h2>\n<p data-start=\"522\" data-end=\"712\">Ar <strong data-start=\"525\" data-end=\"545\">SodaDream Future<\/strong> tu vari p\u0101rv\u0113rst parasto \u016bdeni atsvaidzino\u0161\u0101 g\u0101z\u0113t\u0101 dz\u0113rien\u0101 tikai da\u017e\u0101s sekund\u0113s. Nav nepiecie\u0161ams pirkt plastmasas pudeles veikal\u0101 \u2013 viss notiek tie\u0161i tav\u0101 virtuv\u0113.<\/p>\n<hr data-start=\"714\" data-end=\"717\" \/>\n<h2 data-section-id=\"gstaes\" data-start=\"719\" data-end=\"749\">K\u0101p\u0113c izv\u0113l\u0113ties SodaDream?<\/h2>\n<p data-start=\"751\" data-end=\"959\">\u2714 Moderns un minimalistisks dizains<br data-start=\"786\" data-end=\"789\" \/>\u2714 G\u0101z\u0113 \u016bdeni da\u017eu sekun\u017eu laik\u0101<br data-start=\"820\" data-end=\"823\" \/>\u2714 Vienk\u0101r\u0161a lieto\u0161ana ar vienu pogu<br data-start=\"858\" data-end=\"861\" \/>\u2714 Atk\u0101rtoti lietojama pudele<br data-start=\"889\" data-end=\"892\" \/>\u2714 Maz\u0101k plastmasas atkritumu<br data-start=\"920\" data-end=\"923\" \/>\u2714 Ide\u0101li piem\u0113rots m\u0101jai vai birojam<\/p>\n<hr data-start=\"961\" data-end=\"964\" \/>\n<h2 data-section-id=\"7cpzmo\" data-start=\"966\" data-end=\"986\">Galven\u0101s \u012bpa\u0161\u012bbas<\/h2>\n<p data-start=\"988\" data-end=\"1194\"><strong data-start=\"988\" data-end=\"1000\">Modelis:<\/strong> Future<br data-start=\"1007\" data-end=\"1010\" \/><strong data-start=\"1010\" data-end=\"1020\">Kr\u0101sa:<\/strong> Balta \/ Melna \/ Met\u0101la<br data-start=\"1043\" data-end=\"1046\" \/><strong data-start=\"1046\" data-end=\"1060\">Materi\u0101ls:<\/strong> Premium plastmasa \/ ner\u016bs\u0113jo\u0161ais t\u0113rauds<br data-start=\"1101\" data-end=\"1104\" \/><strong data-start=\"1104\" data-end=\"1115\">Pudele:<\/strong> atk\u0101rtoti lietojama BPA Free<br data-start=\"1144\" data-end=\"1147\" \/><strong data-start=\"1147\" data-end=\"1161\">Lieto\u0161ana:<\/strong> m\u0101jas g\u0101z\u0113t\u0101 \u016bdens pagatavo\u0161anai<\/p>\n<hr data-start=\"1196\" data-end=\"1199\" \/>\n<h2 data-section-id=\"1bsazrl\" data-start=\"1201\" data-end=\"1220\">Ide\u0101li piem\u0113rots<\/h2>\n<ul data-start=\"1222\" data-end=\"1287\">\n<li data-section-id=\"e49mvz\" data-start=\"1222\" data-end=\"1238\">\n<p data-start=\"1224\" data-end=\"1238\">g\u0101z\u0113tam \u016bdenim<\/p>\n<\/li>\n<li data-section-id=\"1fyssd6\" data-start=\"1239\" data-end=\"1250\">\n<p data-start=\"1241\" data-end=\"1250\">limon\u0101d\u0113m<\/p>\n<\/li>\n<li data-section-id=\"15z4o4i\" data-start=\"1251\" data-end=\"1263\">\n<p data-start=\"1253\" data-end=\"1263\">koktei\u013ciem<\/p>\n<\/li>\n<li data-section-id=\"1wdyzsg\" data-start=\"1264\" data-end=\"1287\">\n<p data-start=\"1266\" data-end=\"1287\">vesel\u012bgiem dz\u0113rieniem<\/p>\n<\/li>\n<\/ul>\n<hr data-start=\"1289\" data-end=\"1292\" \/>\n<h2 data-section-id=\"a2qext\" data-start=\"1294\" data-end=\"1315\">Komplekt\u0101 ietilpst<\/h2>\n<p data-start=\"1317\" data-end=\"1404\">\u2714 SodaDream g\u0101z\u0113\u0161anas apar\u0101ts<br data-start=\"1346\" data-end=\"1349\" \/>\u2714 Atk\u0101rtoti lietojama pudele<br data-start=\"1377\" data-end=\"1380\" \/>\u2714 Lieto\u0161anas instrukcija<\/p>\n<hr data-start=\"1406\" data-end=\"1409\" \/>\n<h2 data-section-id=\"1cji1lo\" data-start=\"1411\" data-end=\"1446\">Maz\u0101k plastmasas \u2013 vair\u0101k gar\u0161as<\/h2>\n<p data-start=\"1447\" data-end=\"1567\">Ar <strong data-start=\"1450\" data-end=\"1463\">SodaDream<\/strong> tu vari samazin\u0101t plastmasas pude\u013cu pat\u0113ri\u0146u un vienlaikus baud\u012bt svaigu g\u0101z\u0113tu dz\u0113rienu jebkur\u0101 laik\u0101.<\/p>\n<hr data-start=\"1569\" data-end=\"1572\" \/>\n<h1 data-section-id=\"1mpjqo\" data-start=\"1574\" data-end=\"1579\">CTA<\/h1>\n<p data-start=\"1580\" data-end=\"1655\"><strong data-start=\"1580\" data-end=\"1655\">Pas\u016bti tagad vietn\u0113 sodadream.lv un izveido savu g\u0101z\u0113to dz\u0113rienu m\u0101j\u0101s!<\/strong><\/p>","protected":false},"excerpt":{"rendered":"<p>Minimalistisks dizains un perfekti g\u0101z\u0113ts \u016bdens da\u017eu sekun\u017eu laik\u0101.<br data-start=\"369\" data-end=\"372\" \/>Izveido savu g\u0101z\u0113to dz\u0113rienu m\u0101j\u0101s \u2013 \u0101tri, \u0113rti un ekonomiski.<\/p>","protected":false},"featured_media":3299,"comment_status":"open","ping_status":"closed","template":"","meta":{"site-sidebar-layout":"default","site-content-layout":"","ast-site-content-layout":"default","site-content-style":"default","site-sidebar-style":"default","ast-global-header-display":"","ast-banner-title-visibility":"","ast-main-header-display":"","ast-hfb-above-header-display":"","ast-hfb-below-header-display":"","ast-hfb-mobile-header-display":"","site-post-title":"","ast-breadcrumbs-content":"","ast-featured-img":"","footer-sml-layout":"","ast-disable-related-posts":"","theme-transparent-header-meta":"default","adv-header-id-meta":"","stick-header-meta":"","header-above-stick-meta":"","header-main-stick-meta":"","header-below-stick-meta":"","astra-migrate-meta-layouts":"set","ast-page-background-enabled":"default","ast-page-background-meta":{"desktop":{"background-color":"","background-image":"","background-repeat":"repeat","background-position":"center center","background-size":"auto","background-attachment":"scroll","background-type":"","background-media":"","overlay-type":"","overlay-color":"","overlay-opacity":"","overlay-gradient":""},"tablet":{"background-color":"","background-image":"","background-repeat":"repeat","background-position":"center center","background-size":"auto","background-attachment":"scroll","background-type":"","background-media":"","overlay-type":"","overlay-color":"","overlay-opacity":"","overlay-gradient":""},"mobile":{"background-color":"","background-image":"","background-repeat":"repeat","background-position":"center center","background-size":"auto","background-attachment":"scroll","background-type":"","background-media":"","overlay-type":"","overlay-color":"","overlay-opacity":"","overlay-gradient":""}},"ast-content-background-meta":{"desktop":{"background-color":"var(--ast-global-color-5)","background-image":"","background-repeat":"repeat","background-position":"center center","background-size":"auto","background-attachment":"scroll","background-type":"","background-media":"","overlay-type":"","overlay-color":"","overlay-opacity":"","overlay-gradient":""},"tablet":{"background-color":"var(--ast-global-color-5)","background-image":"","background-repeat":"repeat","background-position":"center center","background-size":"auto","background-attachment":"scroll","background-type":"","background-media":"","overlay-type":"","overlay-color":"","overlay-opacity":"","overlay-gradient":""},"mobile":{"background-color":"var(--ast-global-color-5)","background-image":"","background-repeat":"repeat","background-position":"center center","background-size":"auto","background-attachment":"scroll","background-type":"","background-media":"","overlay-type":"","overlay-color":"","overlay-opacity":"","overlay-gradient":""}}},"product_brand":[],"product_cat":[32],"product_tag":[],"class_list":{"0":"post-3292","1":"product","2":"type-product","3":"status-publish","4":"has-post-thumbnail","6":"product_cat-gazes-aparati","7":"desktop-align-left","8":"tablet-align-left","9":"mobile-align-left","11":"first","12":"outofstock","13":"sale","14":"shipping-taxable","15":"purchasable","16":"product-type-simple"},"_links":{"self":[{"href":"https:\/\/sodadream.lv\/en_us\/wp-json\/wp\/v2\/product\/3292","targetHints":{"allow":["GET"]}}],"collection":[{"href":"https:\/\/sodadream.lv\/en_us\/wp-json\/wp\/v2\/product"}],"about":[{"href":"https:\/\/sodadream.lv\/en_us\/wp-json\/wp\/v2\/types\/product"}],"replies":[{"embeddable":true,"href":"https:\/\/sodadream.lv\/en_us\/wp-json\/wp\/v2\/comments?post=3292"}],"wp:featuredmedia":[{"embeddable":true,"href":"https:\/\/sodadream.lv\/en_us\/wp-json\/wp\/v2\/media\/3299"}],"wp:attachment":[{"href":"https:\/\/sodadream.lv\/en_us\/wp-json\/wp\/v2\/media?parent=3292"}],"wp:term":[{"taxonomy":"product_brand","embeddable":true,"href":"https:\/\/sodadream.lv\/en_us\/wp-json\/wp\/v2\/product_brand?post=3292"},{"taxonomy":"product_cat","embeddable":true,"href":"https:\/\/sodadream.lv\/en_us\/wp-json\/wp\/v2\/product_cat?post=3292"},{"taxonomy":"product_tag","embeddable":true,"href":"https:\/\/sodadream.lv\/en_us\/wp-json\/wp\/v2\/product_tag?post=3292"}],"curies":[{"name":"wp","href":"https:\/\/api.w.org\/{rel}","templated":true}]}}