{"id":3318,"date":"2026-03-13T07:59:25","date_gmt":"2026-03-13T07:59:25","guid":{"rendered":"https:\/\/sodadream.lv\/?post_type=product&#038;p=3318"},"modified":"2026-03-13T14:45:52","modified_gmt":"2026-03-13T14:45:52","slug":"blissful-cloudy-apple","status":"publish","type":"product","link":"https:\/\/sodadream.lv\/en_us\/product\/blissful-cloudy-apple\/","title":{"rendered":"Blissful Cloudy Apple"},"content":{"rendered":"<h2 data-section-id=\"j85nit\" data-start=\"0\" data-end=\"44\">\ud83c\udf4f Fun Light Cloudy Apple dz\u0113riena s\u012brups<\/h2>\n<p data-start=\"46\" data-end=\"195\">Atsvaidzino\u0161s <strong data-start=\"60\" data-end=\"108\">\u0101bolu gar\u0161as dz\u0113riena koncentr\u0101ts bez cukura<\/strong>. Ide\u0101li piem\u0113rots \u016bdenim vai g\u0101z\u0113tam \u016bdenim, lai \u0101tri pagatavotu gardu dz\u0113rienu m\u0101j\u0101s.<\/p>\n<h3 data-section-id=\"ja8wwu\" data-start=\"197\" data-end=\"226\">\u2714\ufe0f Produkta priek\u0161roc\u012bbas<\/h3>\n<ul data-start=\"227\" data-end=\"456\">\n<li data-section-id=\"1ixz4d8\" data-start=\"227\" data-end=\"252\">\n<p data-start=\"229\" data-end=\"252\">Bez pievienota cukura<\/p>\n<\/li>\n<li data-section-id=\"1qxuxtr\" data-start=\"253\" data-end=\"297\">\n<p data-start=\"255\" data-end=\"297\">Intens\u012bva <strong data-start=\"265\" data-end=\"289\">Cloudy Apple (\u0101bolu)<\/strong> gar\u0161a<\/p>\n<\/li>\n<li data-section-id=\"7iq68o\" data-start=\"298\" data-end=\"362\">\n<p data-start=\"300\" data-end=\"362\"><strong data-start=\"300\" data-end=\"360\">No 1 litra s\u012brupa var pagatavot l\u012bdz 10 litriem dz\u0113riena<\/strong><\/p>\n<\/li>\n<li data-section-id=\"13o0c87\" data-start=\"363\" data-end=\"400\">\n<p data-start=\"365\" data-end=\"400\">\u013boti ekonomisks un \u0113rti lietojams<\/p>\n<\/li>\n<li data-section-id=\"1oskuna\" data-start=\"401\" data-end=\"456\">\n<p data-start=\"403\" data-end=\"456\">Lieliski piem\u0113rots ar\u012b <strong data-start=\"426\" data-end=\"456\">SodaDream g\u0101z\u0113tajam \u016bdenim<\/strong><\/p>\n<\/li>\n<\/ul>\n<h3 data-section-id=\"1hll148\" data-start=\"458\" data-end=\"474\">\ud83e\udd64 Lieto\u0161ana<\/h3>\n<p data-start=\"475\" data-end=\"558\">Sajauc s\u012brupu ar \u016bdeni vai g\u0101z\u0113tu \u016bdeni p\u0113c gar\u0161as un baudi atsvaidzino\u0161u dz\u0113rienu.<\/p>\n<p data-start=\"560\" data-end=\"607\">\ud83d\udca7 Ide\u0101li karst\u0101m dien\u0101m, vies\u012bb\u0101m un ikdienai.<\/p>\n<p data-start=\"609\" data-end=\"664\">\ud83d\udce6 \u0100tra pieg\u0101de Latvij\u0101<br data-start=\"632\" data-end=\"635\" \/>\ud83c\udf10 Pieejams: <strong data-start=\"648\" data-end=\"664\">sodadream.lv<\/strong><\/p>","protected":false},"excerpt":{"rendered":"<p><strong data-start=\"0\" data-end=\"33\" data-is-only-node=\"\">Fun Light Cloudy Apple s\u012brups<\/strong> \u2013 atsvaidzino\u0161s \u0101bolu gar\u0161as dz\u0113riena koncentr\u0101ts bez cukura. No 1 litra s\u012brupa var pagatavot l\u012bdz <strong data-start=\"133\" data-end=\"162\">10 litriem gard\u0101 dz\u0113riena<\/strong>. Ide\u0101li piem\u0113rots \u016bdenim vai g\u0101z\u0113tam \u016bdenim. \ud83c\udf4f\ud83e\udd64<\/p>","protected":false},"featured_media":3202,"comment_status":"open","ping_status":"closed","template":"","meta":{"site-sidebar-layout":"default","site-content-layout":"","ast-site-content-layout":"default","site-content-style":"default","site-sidebar-style":"default","ast-global-header-display":"","ast-banner-title-visibility":"","ast-main-header-display":"","ast-hfb-above-header-display":"","ast-hfb-below-header-display":"","ast-hfb-mobile-header-display":"","site-post-title":"","ast-breadcrumbs-content":"","ast-featured-img":"","footer-sml-layout":"","ast-disable-related-posts":"","theme-transparent-header-meta":"default","adv-header-id-meta":"","stick-header-meta":"","header-above-stick-meta":"","header-main-stick-meta":"","header-below-stick-meta":"","astra-migrate-meta-layouts":"set","ast-page-background-enabled":"default","ast-page-background-meta":{"desktop":{"background-color":"","background-image":"","background-repeat":"repeat","background-position":"center center","background-size":"auto","background-attachment":"scroll","background-type":"","background-media":"","overlay-type":"","overlay-color":"","overlay-opacity":"","overlay-gradient":""},"tablet":{"background-color":"","background-image":"","background-repeat":"repeat","background-position":"center center","background-size":"auto","background-attachment":"scroll","background-type":"","background-media":"","overlay-type":"","overlay-color":"","overlay-opacity":"","overlay-gradient":""},"mobile":{"background-color":"","background-image":"","background-repeat":"repeat","background-position":"center center","background-size":"auto","background-attachment":"scroll","background-type":"","background-media":"","overlay-type":"","overlay-color":"","overlay-opacity":"","overlay-gradient":""}},"ast-content-background-meta":{"desktop":{"background-color":"var(--ast-global-color-5)","background-image":"","background-repeat":"repeat","background-position":"center center","background-size":"auto","background-attachment":"scroll","background-type":"","background-media":"","overlay-type":"","overlay-color":"","overlay-opacity":"","overlay-gradient":""},"tablet":{"background-color":"var(--ast-global-color-5)","background-image":"","background-repeat":"repeat","background-position":"center center","background-size":"auto","background-attachment":"scroll","background-type":"","background-media":"","overlay-type":"","overlay-color":"","overlay-opacity":"","overlay-gradient":""},"mobile":{"background-color":"var(--ast-global-color-5)","background-image":"","background-repeat":"repeat","background-position":"center center","background-size":"auto","background-attachment":"scroll","background-type":"","background-media":"","overlay-type":"","overlay-color":"","overlay-opacity":"","overlay-gradient":""}}},"product_brand":[],"product_cat":[36],"product_tag":[37],"class_list":{"0":"post-3318","1":"product","2":"type-product","3":"status-publish","4":"has-post-thumbnail","6":"product_cat-sirupi","7":"product_tag-funlight-cloudyapple-dzerienusirups-bezcukura-aboludzeriens-gazetsudens-sodadream-dzerienimajas","8":"desktop-align-left","9":"tablet-align-left","10":"mobile-align-left","12":"first","13":"outofstock","14":"sale","15":"shipping-taxable","16":"purchasable","17":"product-type-simple"},"_links":{"self":[{"href":"https:\/\/sodadream.lv\/en_us\/wp-json\/wp\/v2\/product\/3318","targetHints":{"allow":["GET"]}}],"collection":[{"href":"https:\/\/sodadream.lv\/en_us\/wp-json\/wp\/v2\/product"}],"about":[{"href":"https:\/\/sodadream.lv\/en_us\/wp-json\/wp\/v2\/types\/product"}],"replies":[{"embeddable":true,"href":"https:\/\/sodadream.lv\/en_us\/wp-json\/wp\/v2\/comments?post=3318"}],"wp:featuredmedia":[{"embeddable":true,"href":"https:\/\/sodadream.lv\/en_us\/wp-json\/wp\/v2\/media\/3202"}],"wp:attachment":[{"href":"https:\/\/sodadream.lv\/en_us\/wp-json\/wp\/v2\/media?parent=3318"}],"wp:term":[{"taxonomy":"product_brand","embeddable":true,"href":"https:\/\/sodadream.lv\/en_us\/wp-json\/wp\/v2\/product_brand?post=3318"},{"taxonomy":"product_cat","embeddable":true,"href":"https:\/\/sodadream.lv\/en_us\/wp-json\/wp\/v2\/product_cat?post=3318"},{"taxonomy":"product_tag","embeddable":true,"href":"https:\/\/sodadream.lv\/en_us\/wp-json\/wp\/v2\/product_tag?post=3318"}],"curies":[{"name":"wp","href":"https:\/\/api.w.org\/{rel}","templated":true}]}}