{"id":3319,"date":"2026-03-13T20:24:49","date_gmt":"2026-03-13T20:24:49","guid":{"rendered":"https:\/\/sodadream.lv\/?post_type=product&#038;p=3319"},"modified":"2026-03-13T20:24:49","modified_gmt":"2026-03-13T20:24:49","slug":"strawberry","status":"publish","type":"product","link":"https:\/\/sodadream.lv\/en_us\/product\/strawberry\/","title":{"rendered":"Strawberry"},"content":{"rendered":"<h3 data-section-id=\"1vh0ycx\" data-start=\"112\" data-end=\"166\">\ud83c\udf47 Atsvaidzino\u0161s upe\u0146u dz\u0113riens da\u017eu sekun\u017eu laik\u0101<\/h3>\n<p data-start=\"167\" data-end=\"316\">Pagatavo gardu dz\u0113rienu m\u0101j\u0101s ar <strong data-start=\"200\" data-end=\"215\">upe\u0146u gar\u0161u<\/strong>. Ide\u0101li piem\u0113rots lieto\u0161anai ar g\u0101z\u0113to \u016bdeni no <strong data-start=\"264\" data-end=\"305\"><span class=\"hover:entity-accent entity-underline inline cursor-pointer align-baseline\"><span class=\"whitespace-normal\">SodaDream<\/span><\/span><\/strong> apar\u0101tiem.<\/p>\n<h3 data-section-id=\"xc33im\" data-start=\"318\" data-end=\"350\">\u2714 K\u0101p\u0113c izv\u0113l\u0113ties \u0161o s\u012brupu<\/h3>\n<ul data-start=\"351\" data-end=\"521\">\n<li data-section-id=\"vag5so\" data-start=\"351\" data-end=\"378\">\n<p data-start=\"353\" data-end=\"378\">Intens\u012bva <strong data-start=\"363\" data-end=\"378\">upe\u0146u gar\u0161a<\/strong><\/p>\n<\/li>\n<li data-section-id=\"wxj02z\" data-start=\"379\" data-end=\"441\">\n<p data-start=\"381\" data-end=\"441\">\u013boti ekonomisks \u2013 <strong data-start=\"399\" data-end=\"441\">no 1 pudeles l\u012bdz ~10 litriem dz\u0113riena<\/strong><\/p>\n<\/li>\n<li data-section-id=\"7okl2p\" data-start=\"442\" data-end=\"495\">\n<p data-start=\"444\" data-end=\"495\">Lieliski piem\u0113rots <strong data-start=\"463\" data-end=\"495\">g\u0101z\u0113tam vai neg\u0101z\u0113tam \u016bdenim<\/strong><\/p>\n<\/li>\n<li data-section-id=\"tdqm71\" data-start=\"496\" data-end=\"521\">\n<p data-start=\"498\" data-end=\"521\">\u0100tri pagatavojams m\u0101j\u0101s<\/p>\n<\/li>\n<\/ul>\n<h3 data-section-id=\"br7op4\" data-start=\"523\" data-end=\"542\">\ud83e\udd64 Pagatavo\u0161ana<\/h3>\n<p data-start=\"543\" data-end=\"621\">1 da\u013ca s\u012brupa + 7\u20139 da\u013cas \u016bdens.<br data-start=\"575\" data-end=\"578\" \/>Pievieno ledu vai citrona \u0161\u0137\u0113li un izbaudi!<\/p>\n<h3 data-section-id=\"1mjyps4\" data-start=\"623\" data-end=\"646\">\ud83c\udf10 Pas\u016bti internet\u0101<\/h3>\n<p data-start=\"647\" data-end=\"670\">\ud83d\udc49 <strong data-start=\"650\" data-end=\"670\"><a class=\"decorated-link\" href=\"https:\/\/sodadream.lv\/en_us\/\" target=\"_new\" rel=\"noopener\" data-start=\"652\" data-end=\"668\">www.sodadream.lv<\/a><\/strong><\/p>","protected":false},"excerpt":{"rendered":"<h3 data-section-id=\"hvs4f5\" data-start=\"677\" data-end=\"701\">\ud83d\udcf1 \u012asais sludin\u0101jums<\/h3>\n<p data-start=\"702\" data-end=\"806\">\ud83e\udd64 Pagatavo g\u0101z\u0113tos dz\u0113rienus m\u0101j\u0101s!<br data-start=\"738\" data-end=\"741\" \/>\ud83c\udf47 Fun Light upe\u0146u s\u012brups<br data-start=\"766\" data-end=\"769\" \/>\ud83d\udca7 No 1 pudeles l\u012bdz ~10 L dz\u0113riena<\/p>\n<p data-start=\"808\" data-end=\"831\">\ud83d\udc49 <strong data-start=\"811\" data-end=\"831\"><a class=\"decorated-link\" href=\"https:\/\/sodadream.lv\/en_us\/\" target=\"_new\" rel=\"noopener\" data-start=\"813\" data-end=\"829\">www.sodadream.lv<\/a><\/strong><\/p>","protected":false},"featured_media":3203,"comment_status":"open","ping_status":"closed","template":"","meta":{"site-sidebar-layout":"default","site-content-layout":"","ast-site-content-layout":"default","site-content-style":"default","site-sidebar-style":"default","ast-global-header-display":"","ast-banner-title-visibility":"","ast-main-header-display":"","ast-hfb-above-header-display":"","ast-hfb-below-header-display":"","ast-hfb-mobile-header-display":"","site-post-title":"","ast-breadcrumbs-content":"","ast-featured-img":"","footer-sml-layout":"","ast-disable-related-posts":"","theme-transparent-header-meta":"default","adv-header-id-meta":"","stick-header-meta":"","header-above-stick-meta":"","header-main-stick-meta":"","header-below-stick-meta":"","astra-migrate-meta-layouts":"set","ast-page-background-enabled":"default","ast-page-background-meta":{"desktop":{"background-color":"","background-image":"","background-repeat":"repeat","background-position":"center center","background-size":"auto","background-attachment":"scroll","background-type":"","background-media":"","overlay-type":"","overlay-color":"","overlay-opacity":"","overlay-gradient":""},"tablet":{"background-color":"","background-image":"","background-repeat":"repeat","background-position":"center center","background-size":"auto","background-attachment":"scroll","background-type":"","background-media":"","overlay-type":"","overlay-color":"","overlay-opacity":"","overlay-gradient":""},"mobile":{"background-color":"","background-image":"","background-repeat":"repeat","background-position":"center center","background-size":"auto","background-attachment":"scroll","background-type":"","background-media":"","overlay-type":"","overlay-color":"","overlay-opacity":"","overlay-gradient":""}},"ast-content-background-meta":{"desktop":{"background-color":"var(--ast-global-color-5)","background-image":"","background-repeat":"repeat","background-position":"center center","background-size":"auto","background-attachment":"scroll","background-type":"","background-media":"","overlay-type":"","overlay-color":"","overlay-opacity":"","overlay-gradient":""},"tablet":{"background-color":"var(--ast-global-color-5)","background-image":"","background-repeat":"repeat","background-position":"center center","background-size":"auto","background-attachment":"scroll","background-type":"","background-media":"","overlay-type":"","overlay-color":"","overlay-opacity":"","overlay-gradient":""},"mobile":{"background-color":"var(--ast-global-color-5)","background-image":"","background-repeat":"repeat","background-position":"center center","background-size":"auto","background-attachment":"scroll","background-type":"","background-media":"","overlay-type":"","overlay-color":"","overlay-opacity":"","overlay-gradient":""}}},"product_brand":[],"product_cat":[36],"product_tag":[],"class_list":{"0":"post-3319","1":"product","2":"type-product","3":"status-publish","4":"has-post-thumbnail","6":"product_cat-sirupi","7":"desktop-align-left","8":"tablet-align-left","9":"mobile-align-left","11":"first","12":"outofstock","13":"sale","14":"shipping-taxable","15":"purchasable","16":"product-type-simple"},"_links":{"self":[{"href":"https:\/\/sodadream.lv\/en_us\/wp-json\/wp\/v2\/product\/3319","targetHints":{"allow":["GET"]}}],"collection":[{"href":"https:\/\/sodadream.lv\/en_us\/wp-json\/wp\/v2\/product"}],"about":[{"href":"https:\/\/sodadream.lv\/en_us\/wp-json\/wp\/v2\/types\/product"}],"replies":[{"embeddable":true,"href":"https:\/\/sodadream.lv\/en_us\/wp-json\/wp\/v2\/comments?post=3319"}],"wp:featuredmedia":[{"embeddable":true,"href":"https:\/\/sodadream.lv\/en_us\/wp-json\/wp\/v2\/media\/3203"}],"wp:attachment":[{"href":"https:\/\/sodadream.lv\/en_us\/wp-json\/wp\/v2\/media?parent=3319"}],"wp:term":[{"taxonomy":"product_brand","embeddable":true,"href":"https:\/\/sodadream.lv\/en_us\/wp-json\/wp\/v2\/product_brand?post=3319"},{"taxonomy":"product_cat","embeddable":true,"href":"https:\/\/sodadream.lv\/en_us\/wp-json\/wp\/v2\/product_cat?post=3319"},{"taxonomy":"product_tag","embeddable":true,"href":"https:\/\/sodadream.lv\/en_us\/wp-json\/wp\/v2\/product_tag?post=3319"}],"curies":[{"name":"wp","href":"https:\/\/api.w.org\/{rel}","templated":true}]}}