{"id":3320,"date":"2026-03-13T20:27:18","date_gmt":"2026-03-13T20:27:18","guid":{"rendered":"https:\/\/sodadream.lv\/?post_type=product&#038;p=3320"},"modified":"2026-03-13T20:29:58","modified_gmt":"2026-03-13T20:29:58","slug":"orange","status":"publish","type":"product","link":"https:\/\/sodadream.lv\/en_us\/product\/orange\/","title":{"rendered":"Orange"},"content":{"rendered":"<h3 data-section-id=\"23g9jo\" data-start=\"113\" data-end=\"170\">\ud83c\udf4a Atsvaidzino\u0161s apels\u012bnu dz\u0113riens da\u017eu sekun\u017eu laik\u0101<\/h3>\n<p data-start=\"171\" data-end=\"327\">Pagatavo gardu <strong data-start=\"186\" data-end=\"207\">apels\u012bnu dz\u0113rienu<\/strong> m\u0101j\u0101s ar g\u0101z\u0113to vai neg\u0101z\u0113to \u016bdeni. Ide\u0101li piem\u0113rots lieto\u0161anai ar <strong data-start=\"275\" data-end=\"316\"><span class=\"hover:entity-accent entity-underline inline cursor-pointer align-baseline\"><span class=\"whitespace-normal\">SodaDream<\/span><\/span><\/strong> apar\u0101tiem.<\/p>\n<h3 data-section-id=\"1vzzbox\" data-start=\"329\" data-end=\"357\">\u2714 Produkta priek\u0161roc\u012bbas<\/h3>\n<ul data-start=\"358\" data-end=\"510\">\n<li data-section-id=\"1hgo5g0\" data-start=\"358\" data-end=\"388\">\n<p data-start=\"360\" data-end=\"388\">Intens\u012bva <strong data-start=\"370\" data-end=\"388\">apels\u012bnu gar\u0161a<\/strong><\/p>\n<\/li>\n<li data-section-id=\"ws5h4y\" data-start=\"389\" data-end=\"446\">\n<p data-start=\"391\" data-end=\"446\">Ekonomisks \u2013 <strong data-start=\"404\" data-end=\"446\">no 1 pudeles l\u012bdz ~10 litriem dz\u0113riena<\/strong><\/p>\n<\/li>\n<li data-section-id=\"fr14xk\" data-start=\"447\" data-end=\"480\">\n<p data-start=\"449\" data-end=\"480\">Lieliski der <strong data-start=\"462\" data-end=\"480\">g\u0101z\u0113tam \u016bdenim<\/strong><\/p>\n<\/li>\n<li data-section-id=\"77or4a\" data-start=\"481\" data-end=\"510\">\n<p data-start=\"483\" data-end=\"510\">\u0100tri un viegli pagatavojams<\/p>\n<\/li>\n<\/ul>\n<h3 data-section-id=\"br7op4\" data-start=\"512\" data-end=\"531\">\ud83e\udd64 Pagatavo\u0161ana<\/h3>\n<p data-start=\"532\" data-end=\"615\">1 da\u013ca s\u012brupa + 7\u20139 da\u013cas \u016bdens.<br data-start=\"564\" data-end=\"567\" \/>Pievieno ledu un izbaudi atsvaidzino\u0161u dz\u0113rienu!<\/p>\n<h3 data-section-id=\"1mjyps4\" data-start=\"617\" data-end=\"640\">\ud83c\udf10 Pas\u016bti internet\u0101<\/h3>\n<p data-start=\"641\" data-end=\"664\">\ud83d\udc49 <strong data-start=\"644\" data-end=\"664\"><a class=\"decorated-link\" href=\"https:\/\/sodadream.lv\/en_us\/\" target=\"_new\" rel=\"noopener\" data-start=\"646\" data-end=\"662\">www.sodadream.lv<\/a><\/strong><\/p>","protected":false},"excerpt":{"rendered":"<h2 data-section-id=\"1vbijk2\" data-start=\"671\" data-end=\"694\">\ud83d\udcf1 \u012asais sludin\u0101jums<\/h2>\n<p data-start=\"695\" data-end=\"827\">\ud83c\udf4a Apels\u012bnu s\u012brups g\u0101z\u0113tajiem dz\u0113rieniem<br data-start=\"735\" data-end=\"738\" \/>\ud83e\udd64 Pagatavo l\u012bdz <strong data-start=\"755\" data-end=\"772\">10 L dz\u0113riena<\/strong> no vienas pudeles<br data-start=\"790\" data-end=\"793\" \/>\ud83d\udca7 Ide\u0101li ar SodaDream apar\u0101tiem<\/p>\n<p data-start=\"829\" data-end=\"852\">\ud83d\udc49 <strong data-start=\"832\" data-end=\"852\"><a class=\"decorated-link\" href=\"https:\/\/sodadream.lv\/en_us\/\" target=\"_new\" rel=\"noopener\" data-start=\"834\" data-end=\"850\">www.sodadream.lv<\/a><\/strong><\/p>","protected":false},"featured_media":3204,"comment_status":"open","ping_status":"closed","template":"","meta":{"site-sidebar-layout":"default","site-content-layout":"","ast-site-content-layout":"default","site-content-style":"default","site-sidebar-style":"default","ast-global-header-display":"","ast-banner-title-visibility":"","ast-main-header-display":"","ast-hfb-above-header-display":"","ast-hfb-below-header-display":"","ast-hfb-mobile-header-display":"","site-post-title":"","ast-breadcrumbs-content":"","ast-featured-img":"","footer-sml-layout":"","ast-disable-related-posts":"","theme-transparent-header-meta":"default","adv-header-id-meta":"","stick-header-meta":"","header-above-stick-meta":"","header-main-stick-meta":"","header-below-stick-meta":"","astra-migrate-meta-layouts":"set","ast-page-background-enabled":"default","ast-page-background-meta":{"desktop":{"background-color":"","background-image":"","background-repeat":"repeat","background-position":"center center","background-size":"auto","background-attachment":"scroll","background-type":"","background-media":"","overlay-type":"","overlay-color":"","overlay-opacity":"","overlay-gradient":""},"tablet":{"background-color":"","background-image":"","background-repeat":"repeat","background-position":"center center","background-size":"auto","background-attachment":"scroll","background-type":"","background-media":"","overlay-type":"","overlay-color":"","overlay-opacity":"","overlay-gradient":""},"mobile":{"background-color":"","background-image":"","background-repeat":"repeat","background-position":"center center","background-size":"auto","background-attachment":"scroll","background-type":"","background-media":"","overlay-type":"","overlay-color":"","overlay-opacity":"","overlay-gradient":""}},"ast-content-background-meta":{"desktop":{"background-color":"var(--ast-global-color-5)","background-image":"","background-repeat":"repeat","background-position":"center center","background-size":"auto","background-attachment":"scroll","background-type":"","background-media":"","overlay-type":"","overlay-color":"","overlay-opacity":"","overlay-gradient":""},"tablet":{"background-color":"var(--ast-global-color-5)","background-image":"","background-repeat":"repeat","background-position":"center center","background-size":"auto","background-attachment":"scroll","background-type":"","background-media":"","overlay-type":"","overlay-color":"","overlay-opacity":"","overlay-gradient":""},"mobile":{"background-color":"var(--ast-global-color-5)","background-image":"","background-repeat":"repeat","background-position":"center center","background-size":"auto","background-attachment":"scroll","background-type":"","background-media":"","overlay-type":"","overlay-color":"","overlay-opacity":"","overlay-gradient":""}}},"product_brand":[],"product_cat":[36],"product_tag":[38],"class_list":{"0":"post-3320","1":"product","2":"type-product","3":"status-publish","4":"has-post-thumbnail","6":"product_cat-sirupi","7":"product_tag-sodadream-funlight-apelsins-apelsinu_sirups-gazetsdzeriens-dzeriensmajas-sparklingdrink-orangeflavor-drinkathome-burbuli-atsvaidzinoss-vasarasdzeriens","8":"desktop-align-left","9":"tablet-align-left","10":"mobile-align-left","12":"first","13":"outofstock","14":"sale","15":"shipping-taxable","16":"purchasable","17":"product-type-simple"},"_links":{"self":[{"href":"https:\/\/sodadream.lv\/en_us\/wp-json\/wp\/v2\/product\/3320","targetHints":{"allow":["GET"]}}],"collection":[{"href":"https:\/\/sodadream.lv\/en_us\/wp-json\/wp\/v2\/product"}],"about":[{"href":"https:\/\/sodadream.lv\/en_us\/wp-json\/wp\/v2\/types\/product"}],"replies":[{"embeddable":true,"href":"https:\/\/sodadream.lv\/en_us\/wp-json\/wp\/v2\/comments?post=3320"}],"wp:featuredmedia":[{"embeddable":true,"href":"https:\/\/sodadream.lv\/en_us\/wp-json\/wp\/v2\/media\/3204"}],"wp:attachment":[{"href":"https:\/\/sodadream.lv\/en_us\/wp-json\/wp\/v2\/media?parent=3320"}],"wp:term":[{"taxonomy":"product_brand","embeddable":true,"href":"https:\/\/sodadream.lv\/en_us\/wp-json\/wp\/v2\/product_brand?post=3320"},{"taxonomy":"product_cat","embeddable":true,"href":"https:\/\/sodadream.lv\/en_us\/wp-json\/wp\/v2\/product_cat?post=3320"},{"taxonomy":"product_tag","embeddable":true,"href":"https:\/\/sodadream.lv\/en_us\/wp-json\/wp\/v2\/product_tag?post=3320"}],"curies":[{"name":"wp","href":"https:\/\/api.w.org\/{rel}","templated":true}]}}