{"id":3321,"date":"2026-03-13T20:29:27","date_gmt":"2026-03-13T20:29:27","guid":{"rendered":"https:\/\/sodadream.lv\/?post_type=product&#038;p=3321"},"modified":"2026-03-13T20:29:28","modified_gmt":"2026-03-13T20:29:28","slug":"carefree-cactus-apple","status":"publish","type":"product","link":"https:\/\/sodadream.lv\/en_us\/product\/carefree-cactus-apple\/","title":{"rendered":"Carefree Cactus Apple"},"content":{"rendered":"<h3 data-section-id=\"1la8wma\" data-start=\"119\" data-end=\"160\">\ud83c\udf4f\ud83c\udf35 Eksotiska kaktusa un \u0101bolu gar\u0161a<\/h3>\n<p data-start=\"161\" data-end=\"342\">Pagatavo atsvaidzino\u0161u dz\u0113rienu m\u0101j\u0101s ar <strong data-start=\"202\" data-end=\"228\">kaktusa un \u0101bolu gar\u0161u<\/strong>. Ide\u0101li piem\u0113rots lieto\u0161anai ar g\u0101z\u0113to vai neg\u0101z\u0113to \u016bdeni un <strong data-start=\"290\" data-end=\"331\"><span class=\"hover:entity-accent entity-underline inline cursor-pointer align-baseline\"><span class=\"whitespace-normal\">SodaDream<\/span><\/span><\/strong> apar\u0101tiem.<\/p>\n<h3 data-section-id=\"1vzzbox\" data-start=\"344\" data-end=\"372\">\u2714 Produkta priek\u0161roc\u012bbas<\/h3>\n<ul data-start=\"373\" data-end=\"537\">\n<li data-section-id=\"19eyzcv\" data-start=\"373\" data-end=\"410\">\n<p data-start=\"375\" data-end=\"410\">Neparasta <strong data-start=\"385\" data-end=\"410\">kaktusa + \u0101bolu gar\u0161a<\/strong><\/p>\n<\/li>\n<li data-section-id=\"wxj02z\" data-start=\"411\" data-end=\"473\">\n<p data-start=\"413\" data-end=\"473\">\u013boti ekonomisks \u2013 <strong data-start=\"431\" data-end=\"473\">no 1 pudeles l\u012bdz ~10 litriem dz\u0113riena<\/strong><\/p>\n<\/li>\n<li data-section-id=\"1m7sdl7\" data-start=\"474\" data-end=\"511\">\n<p data-start=\"476\" data-end=\"511\">Ide\u0101li piem\u0113rots <strong data-start=\"493\" data-end=\"511\">g\u0101z\u0113tam \u016bdenim<\/strong><\/p>\n<\/li>\n<li data-section-id=\"tdqm71\" data-start=\"512\" data-end=\"537\">\n<p data-start=\"514\" data-end=\"537\">\u0100tri pagatavojams m\u0101j\u0101s<\/p>\n<\/li>\n<\/ul>\n<h3 data-section-id=\"br7op4\" data-start=\"539\" data-end=\"558\">\ud83e\udd64 Pagatavo\u0161ana<\/h3>\n<p data-start=\"559\" data-end=\"652\">1 da\u013ca s\u012brupa + 7\u20139 da\u013cas \u016bdens.<br data-start=\"591\" data-end=\"594\" \/>Pievieno ledu un izbaudi eksotisku atsvaidzino\u0161u dz\u0113rienu.<\/p>\n<h3 data-section-id=\"1mjyps4\" data-start=\"654\" data-end=\"677\">\ud83c\udf10 Pas\u016bti internet\u0101<\/h3>\n<p data-start=\"678\" data-end=\"701\">\ud83d\udc49 <strong data-start=\"681\" data-end=\"701\"><a class=\"decorated-link\" href=\"https:\/\/sodadream.lv\/en_us\/\" target=\"_new\" rel=\"noopener\" data-start=\"683\" data-end=\"699\">www.sodadream.lv<\/a><\/strong><\/p>","protected":false},"excerpt":{"rendered":"<h2 data-section-id=\"1vbijk2\" data-start=\"708\" data-end=\"731\">\ud83d\udcf1 \u012asais sludin\u0101jums<\/h2>\n<p data-start=\"732\" data-end=\"858\">\ud83c\udf35\ud83c\udf4f Cactus Apple s\u012brups<br data-start=\"756\" data-end=\"759\" \/>\ud83e\udd64 L\u012bdz <strong data-start=\"767\" data-end=\"790\">10 litriem dz\u0113riena<\/strong> no vienas pudeles<br data-start=\"808\" data-end=\"811\" \/>\ud83d\udca7 Ide\u0101li ar SodaDream g\u0101z\u0113t\u0101 \u016bdens apar\u0101tiem<\/p>\n<p data-start=\"860\" data-end=\"883\">\ud83d\udc49 <strong data-start=\"863\" data-end=\"883\"><a class=\"decorated-link\" href=\"https:\/\/sodadream.lv\/en_us\/\" target=\"_new\" rel=\"noopener\" data-start=\"865\" data-end=\"881\">www.sodadream.lv<\/a><\/strong><\/p>","protected":false},"featured_media":3205,"comment_status":"open","ping_status":"closed","template":"","meta":{"site-sidebar-layout":"default","site-content-layout":"","ast-site-content-layout":"default","site-content-style":"default","site-sidebar-style":"default","ast-global-header-display":"","ast-banner-title-visibility":"","ast-main-header-display":"","ast-hfb-above-header-display":"","ast-hfb-below-header-display":"","ast-hfb-mobile-header-display":"","site-post-title":"","ast-breadcrumbs-content":"","ast-featured-img":"","footer-sml-layout":"","ast-disable-related-posts":"","theme-transparent-header-meta":"default","adv-header-id-meta":"","stick-header-meta":"","header-above-stick-meta":"","header-main-stick-meta":"","header-below-stick-meta":"","astra-migrate-meta-layouts":"set","ast-page-background-enabled":"default","ast-page-background-meta":{"desktop":{"background-color":"","background-image":"","background-repeat":"repeat","background-position":"center center","background-size":"auto","background-attachment":"scroll","background-type":"","background-media":"","overlay-type":"","overlay-color":"","overlay-opacity":"","overlay-gradient":""},"tablet":{"background-color":"","background-image":"","background-repeat":"repeat","background-position":"center center","background-size":"auto","background-attachment":"scroll","background-type":"","background-media":"","overlay-type":"","overlay-color":"","overlay-opacity":"","overlay-gradient":""},"mobile":{"background-color":"","background-image":"","background-repeat":"repeat","background-position":"center center","background-size":"auto","background-attachment":"scroll","background-type":"","background-media":"","overlay-type":"","overlay-color":"","overlay-opacity":"","overlay-gradient":""}},"ast-content-background-meta":{"desktop":{"background-color":"var(--ast-global-color-5)","background-image":"","background-repeat":"repeat","background-position":"center center","background-size":"auto","background-attachment":"scroll","background-type":"","background-media":"","overlay-type":"","overlay-color":"","overlay-opacity":"","overlay-gradient":""},"tablet":{"background-color":"var(--ast-global-color-5)","background-image":"","background-repeat":"repeat","background-position":"center center","background-size":"auto","background-attachment":"scroll","background-type":"","background-media":"","overlay-type":"","overlay-color":"","overlay-opacity":"","overlay-gradient":""},"mobile":{"background-color":"var(--ast-global-color-5)","background-image":"","background-repeat":"repeat","background-position":"center center","background-size":"auto","background-attachment":"scroll","background-type":"","background-media":"","overlay-type":"","overlay-color":"","overlay-opacity":"","overlay-gradient":""}}},"product_brand":[],"product_cat":[36],"product_tag":[39],"class_list":{"0":"post-3321","1":"product","2":"type-product","3":"status-publish","4":"has-post-thumbnail","6":"product_cat-sirupi","7":"product_tag-sodadream-funlight-cactusapple-kaktusagarsa-abolugarsa-gazetsdzeriens-dzeriensmajas-sparklingdrink-drinkathome-burbuli-atsvaidzinoss-vasarasdzeriens","8":"desktop-align-left","9":"tablet-align-left","10":"mobile-align-left","12":"first","13":"outofstock","14":"sale","15":"shipping-taxable","16":"purchasable","17":"product-type-simple"},"_links":{"self":[{"href":"https:\/\/sodadream.lv\/en_us\/wp-json\/wp\/v2\/product\/3321","targetHints":{"allow":["GET"]}}],"collection":[{"href":"https:\/\/sodadream.lv\/en_us\/wp-json\/wp\/v2\/product"}],"about":[{"href":"https:\/\/sodadream.lv\/en_us\/wp-json\/wp\/v2\/types\/product"}],"replies":[{"embeddable":true,"href":"https:\/\/sodadream.lv\/en_us\/wp-json\/wp\/v2\/comments?post=3321"}],"wp:featuredmedia":[{"embeddable":true,"href":"https:\/\/sodadream.lv\/en_us\/wp-json\/wp\/v2\/media\/3205"}],"wp:attachment":[{"href":"https:\/\/sodadream.lv\/en_us\/wp-json\/wp\/v2\/media?parent=3321"}],"wp:term":[{"taxonomy":"product_brand","embeddable":true,"href":"https:\/\/sodadream.lv\/en_us\/wp-json\/wp\/v2\/product_brand?post=3321"},{"taxonomy":"product_cat","embeddable":true,"href":"https:\/\/sodadream.lv\/en_us\/wp-json\/wp\/v2\/product_cat?post=3321"},{"taxonomy":"product_tag","embeddable":true,"href":"https:\/\/sodadream.lv\/en_us\/wp-json\/wp\/v2\/product_tag?post=3321"}],"curies":[{"name":"wp","href":"https:\/\/api.w.org\/{rel}","templated":true}]}}