{"id":3322,"date":"2026-03-13T20:32:00","date_gmt":"2026-03-13T20:32:00","guid":{"rendered":"https:\/\/sodadream.lv\/?post_type=product&#038;p=3322"},"modified":"2026-03-13T20:32:00","modified_gmt":"2026-03-13T20:32:00","slug":"watermelon-lemonade","status":"publish","type":"product","link":"https:\/\/sodadream.lv\/en_us\/product\/watermelon-lemonade\/","title":{"rendered":"Watermelon Lemonade"},"content":{"rendered":"<h3 data-section-id=\"1id4xx7\" data-start=\"126\" data-end=\"167\">\ud83c\udf49\ud83c\udf4b Svaiga arb\u016bza un limon\u0101des gar\u0161a<\/h3>\n<p data-start=\"168\" data-end=\"339\">Pagatavo atsvaidzino\u0161u dz\u0113rienu m\u0101j\u0101s ar <strong data-start=\"209\" data-end=\"238\">arb\u016bza un limon\u0101des gar\u0161u<\/strong>. Ide\u0101li piem\u0113rots lieto\u0161anai ar g\u0101z\u0113to \u016bdeni no <strong data-start=\"287\" data-end=\"328\"><span class=\"hover:entity-accent entity-underline inline cursor-pointer align-baseline\"><span class=\"whitespace-normal\">SodaDream<\/span><\/span><\/strong> apar\u0101tiem.<\/p>\n<h3 data-section-id=\"1vzzbox\" data-start=\"341\" data-end=\"369\">\u2714 Produkta priek\u0161roc\u012bbas<\/h3>\n<ul data-start=\"370\" data-end=\"546\">\n<li data-section-id=\"y02j2a\" data-start=\"370\" data-end=\"414\">\n<p data-start=\"372\" data-end=\"414\">Atsvaidzino\u0161a <strong data-start=\"386\" data-end=\"414\">arb\u016bza + limon\u0101des gar\u0161a<\/strong><\/p>\n<\/li>\n<li data-section-id=\"ws5h4y\" data-start=\"415\" data-end=\"472\">\n<p data-start=\"417\" data-end=\"472\">Ekonomisks \u2013 <strong data-start=\"430\" data-end=\"472\">no 1 pudeles l\u012bdz ~10 litriem dz\u0113riena<\/strong><\/p>\n<\/li>\n<li data-section-id=\"1fj4q3e\" data-start=\"473\" data-end=\"520\">\n<p data-start=\"475\" data-end=\"520\">Lieliski der <strong data-start=\"488\" data-end=\"520\">g\u0101z\u0113tam vai neg\u0101z\u0113tam \u016bdenim<\/strong><\/p>\n<\/li>\n<li data-section-id=\"tdqm71\" data-start=\"521\" data-end=\"546\">\n<p data-start=\"523\" data-end=\"546\">\u0100tri pagatavojams m\u0101j\u0101s<\/p>\n<\/li>\n<\/ul>\n<h3 data-section-id=\"br7op4\" data-start=\"548\" data-end=\"567\">\ud83e\udd64 Pagatavo\u0161ana<\/h3>\n<p data-start=\"568\" data-end=\"646\">1 da\u013ca s\u012brupa + 7\u20139 da\u013cas \u016bdens.<br data-start=\"600\" data-end=\"603\" \/>Pievieno ledu un izbaudi vasar\u012bgu dz\u0113rienu.<\/p>\n<h3 data-section-id=\"1mjyps4\" data-start=\"648\" data-end=\"671\">\ud83c\udf10 Pas\u016bti internet\u0101<\/h3>\n<p data-start=\"672\" data-end=\"695\">\ud83d\udc49 <strong data-start=\"675\" data-end=\"695\"><a class=\"decorated-link\" href=\"https:\/\/sodadream.lv\/en_us\/\" target=\"_new\" rel=\"noopener\" data-start=\"677\" data-end=\"693\">www.sodadream.lv<\/a><\/strong><\/p>","protected":false},"excerpt":{"rendered":"<h2 data-section-id=\"1vbijk2\" data-start=\"702\" data-end=\"725\">\ud83d\udcf1 \u012asais sludin\u0101jums<\/h2>\n<p data-start=\"726\" data-end=\"859\">\ud83c\udf49\ud83c\udf4b Watermelon Lemonade s\u012brups<br data-start=\"757\" data-end=\"760\" \/>\ud83e\udd64 No vienas pudeles l\u012bdz <strong data-start=\"786\" data-end=\"809\">10 litriem dz\u0113riena<\/strong><br data-start=\"809\" data-end=\"812\" \/>\ud83d\udca7 Ide\u0101li ar SodaDream g\u0101z\u0113t\u0101 \u016bdens apar\u0101tiem<\/p>\n<p data-start=\"861\" data-end=\"884\">\ud83d\udc49 <strong data-start=\"864\" data-end=\"884\"><a class=\"decorated-link\" href=\"https:\/\/sodadream.lv\/en_us\/\" target=\"_new\" rel=\"noopener\" data-start=\"866\" data-end=\"882\">www.sodadream.lv<\/a><\/strong><\/p>","protected":false},"featured_media":3206,"comment_status":"open","ping_status":"closed","template":"","meta":{"site-sidebar-layout":"default","site-content-layout":"","ast-site-content-layout":"default","site-content-style":"default","site-sidebar-style":"default","ast-global-header-display":"","ast-banner-title-visibility":"","ast-main-header-display":"","ast-hfb-above-header-display":"","ast-hfb-below-header-display":"","ast-hfb-mobile-header-display":"","site-post-title":"","ast-breadcrumbs-content":"","ast-featured-img":"","footer-sml-layout":"","ast-disable-related-posts":"","theme-transparent-header-meta":"default","adv-header-id-meta":"","stick-header-meta":"","header-above-stick-meta":"","header-main-stick-meta":"","header-below-stick-meta":"","astra-migrate-meta-layouts":"set","ast-page-background-enabled":"default","ast-page-background-meta":{"desktop":{"background-color":"","background-image":"","background-repeat":"repeat","background-position":"center center","background-size":"auto","background-attachment":"scroll","background-type":"","background-media":"","overlay-type":"","overlay-color":"","overlay-opacity":"","overlay-gradient":""},"tablet":{"background-color":"","background-image":"","background-repeat":"repeat","background-position":"center center","background-size":"auto","background-attachment":"scroll","background-type":"","background-media":"","overlay-type":"","overlay-color":"","overlay-opacity":"","overlay-gradient":""},"mobile":{"background-color":"","background-image":"","background-repeat":"repeat","background-position":"center center","background-size":"auto","background-attachment":"scroll","background-type":"","background-media":"","overlay-type":"","overlay-color":"","overlay-opacity":"","overlay-gradient":""}},"ast-content-background-meta":{"desktop":{"background-color":"var(--ast-global-color-5)","background-image":"","background-repeat":"repeat","background-position":"center center","background-size":"auto","background-attachment":"scroll","background-type":"","background-media":"","overlay-type":"","overlay-color":"","overlay-opacity":"","overlay-gradient":""},"tablet":{"background-color":"var(--ast-global-color-5)","background-image":"","background-repeat":"repeat","background-position":"center center","background-size":"auto","background-attachment":"scroll","background-type":"","background-media":"","overlay-type":"","overlay-color":"","overlay-opacity":"","overlay-gradient":""},"mobile":{"background-color":"var(--ast-global-color-5)","background-image":"","background-repeat":"repeat","background-position":"center center","background-size":"auto","background-attachment":"scroll","background-type":"","background-media":"","overlay-type":"","overlay-color":"","overlay-opacity":"","overlay-gradient":""}}},"product_brand":[],"product_cat":[36],"product_tag":[40],"class_list":{"0":"post-3322","1":"product","2":"type-product","3":"status-publish","4":"has-post-thumbnail","6":"product_cat-sirupi","7":"product_tag-sodadream-funlight-watermelon-arbuzs-limonade-gazetsdzeriens-dzeriensmajas-sparklingdrink-drinkathome-burbuli-vasarasdzeriens-atsvaidzinoss","8":"desktop-align-left","9":"tablet-align-left","10":"mobile-align-left","12":"first","13":"outofstock","14":"sale","15":"shipping-taxable","16":"purchasable","17":"product-type-simple"},"_links":{"self":[{"href":"https:\/\/sodadream.lv\/en_us\/wp-json\/wp\/v2\/product\/3322","targetHints":{"allow":["GET"]}}],"collection":[{"href":"https:\/\/sodadream.lv\/en_us\/wp-json\/wp\/v2\/product"}],"about":[{"href":"https:\/\/sodadream.lv\/en_us\/wp-json\/wp\/v2\/types\/product"}],"replies":[{"embeddable":true,"href":"https:\/\/sodadream.lv\/en_us\/wp-json\/wp\/v2\/comments?post=3322"}],"wp:featuredmedia":[{"embeddable":true,"href":"https:\/\/sodadream.lv\/en_us\/wp-json\/wp\/v2\/media\/3206"}],"wp:attachment":[{"href":"https:\/\/sodadream.lv\/en_us\/wp-json\/wp\/v2\/media?parent=3322"}],"wp:term":[{"taxonomy":"product_brand","embeddable":true,"href":"https:\/\/sodadream.lv\/en_us\/wp-json\/wp\/v2\/product_brand?post=3322"},{"taxonomy":"product_cat","embeddable":true,"href":"https:\/\/sodadream.lv\/en_us\/wp-json\/wp\/v2\/product_cat?post=3322"},{"taxonomy":"product_tag","embeddable":true,"href":"https:\/\/sodadream.lv\/en_us\/wp-json\/wp\/v2\/product_tag?post=3322"}],"curies":[{"name":"wp","href":"https:\/\/api.w.org\/{rel}","templated":true}]}}