{"id":3323,"date":"2026-03-13T20:33:41","date_gmt":"2026-03-13T20:33:41","guid":{"rendered":"https:\/\/sodadream.lv\/?post_type=product&#038;p=3323"},"modified":"2026-03-13T20:33:42","modified_gmt":"2026-03-13T20:33:42","slug":"heavenly-cloudy-raspberry","status":"publish","type":"product","link":"https:\/\/sodadream.lv\/en_us\/product\/heavenly-cloudy-raspberry\/","title":{"rendered":"Heavenly Cloudy Raspberry"},"content":{"rendered":"<h3 data-section-id=\"4dyusy\" data-start=\"123\" data-end=\"155\">\ud83c\udf53 Atsvaidzino\u0161a ave\u0146u gar\u0161a<\/h3>\n<p data-start=\"156\" data-end=\"318\">Pagatavo gardu dz\u0113rienu m\u0101j\u0101s ar <strong data-start=\"189\" data-end=\"204\">ave\u0146u gar\u0161u<\/strong>. Ide\u0101li piem\u0113rots lieto\u0161anai ar g\u0101z\u0113to vai neg\u0101z\u0113to \u016bdeni un <strong data-start=\"266\" data-end=\"307\"><span class=\"hover:entity-accent entity-underline inline cursor-pointer align-baseline\"><span class=\"whitespace-normal\">SodaDream<\/span><\/span><\/strong> apar\u0101tiem.<\/p>\n<h3 data-section-id=\"1vzzbox\" data-start=\"320\" data-end=\"348\">\u2714 Produkta priek\u0161roc\u012bbas<\/h3>\n<ul data-start=\"349\" data-end=\"493\">\n<li data-section-id=\"1u875hd\" data-start=\"349\" data-end=\"375\">\n<p data-start=\"351\" data-end=\"375\">Bag\u0101t\u012bga <strong data-start=\"360\" data-end=\"375\">ave\u0146u gar\u0161a<\/strong><\/p>\n<\/li>\n<li data-section-id=\"ws5h4y\" data-start=\"376\" data-end=\"433\">\n<p data-start=\"378\" data-end=\"433\">Ekonomisks \u2013 <strong data-start=\"391\" data-end=\"433\">no 1 pudeles l\u012bdz ~10 litriem dz\u0113riena<\/strong><\/p>\n<\/li>\n<li data-section-id=\"fr14xk\" data-start=\"434\" data-end=\"467\">\n<p data-start=\"436\" data-end=\"467\">Lieliski der <strong data-start=\"449\" data-end=\"467\">g\u0101z\u0113tam \u016bdenim<\/strong><\/p>\n<\/li>\n<li data-section-id=\"tdqm71\" data-start=\"468\" data-end=\"493\">\n<p data-start=\"470\" data-end=\"493\">\u0100tri pagatavojams m\u0101j\u0101s<\/p>\n<\/li>\n<\/ul>\n<h3 data-section-id=\"br7op4\" data-start=\"495\" data-end=\"514\">\ud83e\udd64 Pagatavo\u0161ana<\/h3>\n<p data-start=\"515\" data-end=\"598\">1 da\u013ca s\u012brupa + 7\u20139 da\u013cas \u016bdens.<br data-start=\"547\" data-end=\"550\" \/>Pievieno ledu un izbaudi atsvaidzino\u0161u dz\u0113rienu.<\/p>\n<h3 data-section-id=\"1mjyps4\" data-start=\"600\" data-end=\"623\">\ud83c\udf10 Pas\u016bti internet\u0101<\/h3>\n<p data-start=\"624\" data-end=\"647\">\ud83d\udc49 <strong data-start=\"627\" data-end=\"647\"><a class=\"decorated-link\" href=\"https:\/\/sodadream.lv\/en_us\/\" target=\"_new\" rel=\"noopener\" data-start=\"629\" data-end=\"645\">www.sodadream.lv<\/a><\/strong><\/p>","protected":false},"excerpt":{"rendered":"<h2 data-section-id=\"1vbijk2\" data-start=\"654\" data-end=\"677\">\ud83d\udcf1 \u012asais sludin\u0101jums<\/h2>\n<p data-start=\"678\" data-end=\"806\">\ud83c\udf53 Cloudy Raspberry s\u012brups<br data-start=\"704\" data-end=\"707\" \/>\ud83e\udd64 L\u012bdz <strong data-start=\"715\" data-end=\"738\">10 litriem dz\u0113riena<\/strong> no vienas pudeles<br data-start=\"756\" data-end=\"759\" \/>\ud83d\udca7 Ide\u0101li ar SodaDream g\u0101z\u0113t\u0101 \u016bdens apar\u0101tiem<\/p>\n<p data-start=\"808\" data-end=\"831\">\ud83d\udc49 <strong data-start=\"811\" data-end=\"831\"><a class=\"decorated-link\" href=\"https:\/\/sodadream.lv\/en_us\/\" target=\"_new\" rel=\"noopener\" data-start=\"813\" data-end=\"829\">www.sodadream.lv<\/a><\/strong><\/p>","protected":false},"featured_media":3207,"comment_status":"open","ping_status":"closed","template":"","meta":{"site-sidebar-layout":"default","site-content-layout":"","ast-site-content-layout":"default","site-content-style":"default","site-sidebar-style":"default","ast-global-header-display":"","ast-banner-title-visibility":"","ast-main-header-display":"","ast-hfb-above-header-display":"","ast-hfb-below-header-display":"","ast-hfb-mobile-header-display":"","site-post-title":"","ast-breadcrumbs-content":"","ast-featured-img":"","footer-sml-layout":"","ast-disable-related-posts":"","theme-transparent-header-meta":"default","adv-header-id-meta":"","stick-header-meta":"","header-above-stick-meta":"","header-main-stick-meta":"","header-below-stick-meta":"","astra-migrate-meta-layouts":"set","ast-page-background-enabled":"default","ast-page-background-meta":{"desktop":{"background-color":"","background-image":"","background-repeat":"repeat","background-position":"center center","background-size":"auto","background-attachment":"scroll","background-type":"","background-media":"","overlay-type":"","overlay-color":"","overlay-opacity":"","overlay-gradient":""},"tablet":{"background-color":"","background-image":"","background-repeat":"repeat","background-position":"center center","background-size":"auto","background-attachment":"scroll","background-type":"","background-media":"","overlay-type":"","overlay-color":"","overlay-opacity":"","overlay-gradient":""},"mobile":{"background-color":"","background-image":"","background-repeat":"repeat","background-position":"center center","background-size":"auto","background-attachment":"scroll","background-type":"","background-media":"","overlay-type":"","overlay-color":"","overlay-opacity":"","overlay-gradient":""}},"ast-content-background-meta":{"desktop":{"background-color":"var(--ast-global-color-5)","background-image":"","background-repeat":"repeat","background-position":"center center","background-size":"auto","background-attachment":"scroll","background-type":"","background-media":"","overlay-type":"","overlay-color":"","overlay-opacity":"","overlay-gradient":""},"tablet":{"background-color":"var(--ast-global-color-5)","background-image":"","background-repeat":"repeat","background-position":"center center","background-size":"auto","background-attachment":"scroll","background-type":"","background-media":"","overlay-type":"","overlay-color":"","overlay-opacity":"","overlay-gradient":""},"mobile":{"background-color":"var(--ast-global-color-5)","background-image":"","background-repeat":"repeat","background-position":"center center","background-size":"auto","background-attachment":"scroll","background-type":"","background-media":"","overlay-type":"","overlay-color":"","overlay-opacity":"","overlay-gradient":""}}},"product_brand":[],"product_cat":[36],"product_tag":[41],"class_list":{"0":"post-3323","1":"product","2":"type-product","3":"status-publish","4":"has-post-thumbnail","6":"product_cat-sirupi","7":"product_tag-sodadream-funlight-raspberry-avenes-avenu_sirups-gazetsdzeriens-dzeriensmajas-sparklingdrink-drinkathome-burbuli-atsvaidzinoss-vasarasdzeriens","8":"desktop-align-left","9":"tablet-align-left","10":"mobile-align-left","12":"first","13":"outofstock","14":"sale","15":"shipping-taxable","16":"purchasable","17":"product-type-simple"},"_links":{"self":[{"href":"https:\/\/sodadream.lv\/en_us\/wp-json\/wp\/v2\/product\/3323","targetHints":{"allow":["GET"]}}],"collection":[{"href":"https:\/\/sodadream.lv\/en_us\/wp-json\/wp\/v2\/product"}],"about":[{"href":"https:\/\/sodadream.lv\/en_us\/wp-json\/wp\/v2\/types\/product"}],"replies":[{"embeddable":true,"href":"https:\/\/sodadream.lv\/en_us\/wp-json\/wp\/v2\/comments?post=3323"}],"wp:featuredmedia":[{"embeddable":true,"href":"https:\/\/sodadream.lv\/en_us\/wp-json\/wp\/v2\/media\/3207"}],"wp:attachment":[{"href":"https:\/\/sodadream.lv\/en_us\/wp-json\/wp\/v2\/media?parent=3323"}],"wp:term":[{"taxonomy":"product_brand","embeddable":true,"href":"https:\/\/sodadream.lv\/en_us\/wp-json\/wp\/v2\/product_brand?post=3323"},{"taxonomy":"product_cat","embeddable":true,"href":"https:\/\/sodadream.lv\/en_us\/wp-json\/wp\/v2\/product_cat?post=3323"},{"taxonomy":"product_tag","embeddable":true,"href":"https:\/\/sodadream.lv\/en_us\/wp-json\/wp\/v2\/product_tag?post=3323"}],"curies":[{"name":"wp","href":"https:\/\/api.w.org\/{rel}","templated":true}]}}