{"id":3328,"date":"2026-03-13T20:53:39","date_gmt":"2026-03-13T20:53:39","guid":{"rendered":"https:\/\/sodadream.lv\/?post_type=product&#038;p=3328"},"modified":"2026-04-04T09:58:30","modified_gmt":"2026-04-04T09:58:30","slug":"gazes-balons-sodadream-pilns","status":"publish","type":"product","link":"https:\/\/sodadream.lv\/en_us\/product\/gazes-balons-sodadream-pilns\/","title":{"rendered":"G\u0101zes Balons SodaDream pilns (Screw-in) CO\u2082 cilindri ir sader\u012bgi ar visiem g\u0101z\u0113\u0161anas apar\u0101tiem, kuri izmanto ieskr\u016bv\u0113jamos cilindrus."},"content":{"rendered":"<h3 data-section-id=\"a2xva3\" data-start=\"101\" data-end=\"141\">\ud83e\udd64 Pilns CO\u2082 balons g\u0101z\u0113tajam \u016bdenim (Screw-in) CO\u2082 cilindri ir sader\u012bgi ar visiem g\u0101z\u0113\u0161anas apar\u0101tiem, kuri izmanto\u00a0<strong>ieskr\u016bv\u0113jamos cilindrus<\/strong>.<\/h3>\n<p data-start=\"142\" data-end=\"262\"><strong data-start=\"142\" data-end=\"201\">SodaDream.lv CO\u2082 g\u0101zes balons ar skr\u016bv\u0113jamu savienojumu<\/strong> \u013cauj pagatavot svaigu g\u0101z\u0113tu \u016bdeni m\u0101j\u0101s da\u017eu sekun\u017eu laik\u0101.<\/p>\n<h3 data-section-id=\"33t1km\" data-start=\"264\" data-end=\"292\">\u2714 Galven\u0101s priek\u0161roc\u012bbas<\/h3>\n<ul data-start=\"293\" data-end=\"450\">\n<li data-section-id=\"yhcbri\" data-start=\"293\" data-end=\"338\">\n<p data-start=\"295\" data-end=\"338\">\ud83e\udee7 Pietiek <strong data-start=\"306\" data-end=\"338\">l\u012bdz 60 litriem g\u0101z\u0113ta \u016bdens<\/strong><\/p>\n<\/li>\n<li data-section-id=\"12xvfd1\" data-start=\"339\" data-end=\"370\">\n<p data-start=\"341\" data-end=\"370\">\ud83d\udd29 <strong data-start=\"344\" data-end=\"370\">Skr\u016bv\u0113jams savienojums<\/strong><\/p>\n<\/li>\n<li data-section-id=\"1i2fpp8\" data-start=\"371\" data-end=\"416\">\n<p data-start=\"373\" data-end=\"416\">\ud83e\udd64 Der <strong data-start=\"380\" data-end=\"416\">SodaDream g\u0101z\u0113t\u0101 \u016bdens apar\u0101tiem<\/strong><\/p>\n<\/li>\n<li data-section-id=\"8o0r6b\" data-start=\"417\" data-end=\"450\">\n<p data-start=\"419\" data-end=\"450\">\u267b Ekonomiski un videi draudz\u012bgi<\/p>\n<\/li>\n<\/ul>\n<h3 data-section-id=\"1uw2ubs\" data-start=\"452\" data-end=\"468\">\ud83d\udca7 Lieto\u0161ana<\/h3>\n<p data-start=\"469\" data-end=\"544\">Ieskr\u016bv\u0113 CO\u2082 balonu apar\u0101t\u0101 un p\u0101rv\u0113rt parasto \u016bdeni gard\u0101 g\u0101z\u0113t\u0101 dz\u0113rien\u0101.<\/p>\n<h3 data-section-id=\"1mjyps4\" data-start=\"546\" data-end=\"569\">\ud83c\udf10 Pas\u016bti internet\u0101<\/h3>\n<p data-start=\"570\" data-end=\"593\">\ud83d\udc49 <strong data-start=\"573\" data-end=\"593\"><a class=\"decorated-link\" href=\"http:\/\/www.SodaDream.lv\" target=\"_new\" rel=\"noopener\" data-start=\"575\" data-end=\"591\">www.SodaDream.lv<\/a><\/strong><\/p>","protected":false},"excerpt":{"rendered":"<p data-start=\"624\" data-end=\"743\">\ud83e\udee7 <strong data-start=\"627\" data-end=\"672\">CO\u2082 g\u0101zes balons \u2013 skr\u016bv\u0113jams savienojums\u00a0<\/strong><br data-start=\"672\" data-end=\"675\" \/>\ud83e\udd64 L\u012bdz <strong data-start=\"683\" data-end=\"710\">60 litriem g\u0101z\u0113ta \u016bdens<\/strong><br data-start=\"710\" data-end=\"713\" \/>\ud83d\udd27 Der <strong data-start=\"720\" data-end=\"743\">SodaDream apar\u0101tiem<\/strong><\/p>\n<p data-start=\"745\" data-end=\"768\">\ud83d\udc49 <strong data-start=\"748\" data-end=\"768\"><a class=\"decorated-link\" href=\"http:\/\/www.SodaDream.lv\" target=\"_new\" rel=\"noopener\" data-start=\"750\" data-end=\"766\">www.SodaDream.lv<\/a><\/strong><\/p>","protected":false},"featured_media":3332,"comment_status":"open","ping_status":"closed","template":"","meta":{"site-sidebar-layout":"default","site-content-layout":"","ast-site-content-layout":"default","site-content-style":"default","site-sidebar-style":"default","ast-global-header-display":"","ast-banner-title-visibility":"","ast-main-header-display":"","ast-hfb-above-header-display":"","ast-hfb-below-header-display":"","ast-hfb-mobile-header-display":"","site-post-title":"","ast-breadcrumbs-content":"","ast-featured-img":"","footer-sml-layout":"","ast-disable-related-posts":"","theme-transparent-header-meta":"default","adv-header-id-meta":"","stick-header-meta":"","header-above-stick-meta":"","header-main-stick-meta":"","header-below-stick-meta":"","astra-migrate-meta-layouts":"set","ast-page-background-enabled":"default","ast-page-background-meta":{"desktop":{"background-color":"","background-image":"","background-repeat":"repeat","background-position":"center center","background-size":"auto","background-attachment":"scroll","background-type":"","background-media":"","overlay-type":"","overlay-color":"","overlay-opacity":"","overlay-gradient":""},"tablet":{"background-color":"","background-image":"","background-repeat":"repeat","background-position":"center center","background-size":"auto","background-attachment":"scroll","background-type":"","background-media":"","overlay-type":"","overlay-color":"","overlay-opacity":"","overlay-gradient":""},"mobile":{"background-color":"","background-image":"","background-repeat":"repeat","background-position":"center center","background-size":"auto","background-attachment":"scroll","background-type":"","background-media":"","overlay-type":"","overlay-color":"","overlay-opacity":"","overlay-gradient":""}},"ast-content-background-meta":{"desktop":{"background-color":"var(--ast-global-color-5)","background-image":"","background-repeat":"repeat","background-position":"center center","background-size":"auto","background-attachment":"scroll","background-type":"","background-media":"","overlay-type":"","overlay-color":"","overlay-opacity":"","overlay-gradient":""},"tablet":{"background-color":"var(--ast-global-color-5)","background-image":"","background-repeat":"repeat","background-position":"center center","background-size":"auto","background-attachment":"scroll","background-type":"","background-media":"","overlay-type":"","overlay-color":"","overlay-opacity":"","overlay-gradient":""},"mobile":{"background-color":"var(--ast-global-color-5)","background-image":"","background-repeat":"repeat","background-position":"center center","background-size":"auto","background-attachment":"scroll","background-type":"","background-media":"","overlay-type":"","overlay-color":"","overlay-opacity":"","overlay-gradient":""}}},"product_brand":[],"product_cat":[45],"product_tag":[43],"class_list":{"0":"post-3328","1":"product","2":"type-product","3":"status-publish","4":"has-post-thumbnail","6":"product_cat-gazes-baloni","7":"product_tag-sodadream-co2balons-skruvejams-gazetsudens-sparklingwater-sodamaker-burbuli-dzeriensmajas-co2gas-majasagatavotsdzeriens","8":"desktop-align-left","9":"tablet-align-left","10":"mobile-align-left","12":"first","13":"instock","14":"sale","15":"shipping-taxable","16":"purchasable","17":"product-type-simple"},"_links":{"self":[{"href":"https:\/\/sodadream.lv\/en_us\/wp-json\/wp\/v2\/product\/3328","targetHints":{"allow":["GET"]}}],"collection":[{"href":"https:\/\/sodadream.lv\/en_us\/wp-json\/wp\/v2\/product"}],"about":[{"href":"https:\/\/sodadream.lv\/en_us\/wp-json\/wp\/v2\/types\/product"}],"replies":[{"embeddable":true,"href":"https:\/\/sodadream.lv\/en_us\/wp-json\/wp\/v2\/comments?post=3328"}],"wp:featuredmedia":[{"embeddable":true,"href":"https:\/\/sodadream.lv\/en_us\/wp-json\/wp\/v2\/media\/3332"}],"wp:attachment":[{"href":"https:\/\/sodadream.lv\/en_us\/wp-json\/wp\/v2\/media?parent=3328"}],"wp:term":[{"taxonomy":"product_brand","embeddable":true,"href":"https:\/\/sodadream.lv\/en_us\/wp-json\/wp\/v2\/product_brand?post=3328"},{"taxonomy":"product_cat","embeddable":true,"href":"https:\/\/sodadream.lv\/en_us\/wp-json\/wp\/v2\/product_cat?post=3328"},{"taxonomy":"product_tag","embeddable":true,"href":"https:\/\/sodadream.lv\/en_us\/wp-json\/wp\/v2\/product_tag?post=3328"}],"curies":[{"name":"wp","href":"https:\/\/api.w.org\/{rel}","templated":true}]}}