{"id":3330,"date":"2026-03-13T20:56:38","date_gmt":"2026-03-13T20:56:38","guid":{"rendered":"https:\/\/sodadream.lv\/?post_type=product&#038;p=3330"},"modified":"2026-04-04T09:56:28","modified_gmt":"2026-04-04T09:56:28","slug":"%f0%9f%94%84-sodadream-co%e2%82%82-gazes-balons-uz-mainu","status":"publish","type":"product","link":"https:\/\/sodadream.lv\/en_us\/product\/%f0%9f%94%84-sodadream-co%e2%82%82-gazes-balons-uz-mainu\/","title":{"rendered":"\ud83d\udd04 SodaDream CO\u2082 g\u0101zes balons uz mai\u0146u (Screw-in) CO\u2082 cilindri ir sader\u012bgi ar visiem g\u0101z\u0113\u0161anas apar\u0101tiem, kuri izmanto ieskr\u016bv\u0113jamos cilindrus."},"content":{"rendered":"<h3 data-section-id=\"147c24g\" data-start=\"85\" data-end=\"125\">\ud83e\udee7 CO\u2082 balona mai\u0146a g\u0101z\u0113tajam \u016bdenim<\/h3>\n<h3 data-section-id=\"147c24g\" data-start=\"85\" data-end=\"125\">(Screw-in) CO\u2082 cilindri ir sader\u012bgi ar visiem g\u0101z\u0113\u0161anas apar\u0101tiem, kuri izmanto\u00a0<strong>ieskr\u016bv\u0113jamos cilindrus<\/strong>.<\/h3>\n<p data-start=\"126\" data-end=\"222\">Vai beidz\u0101s g\u0101ze? <strong data-start=\"144\" data-end=\"185\">SodaDream.lv pied\u0101v\u0101 CO\u2082 balonu mai\u0146u<\/strong> \u2013 atnes tuk\u0161o balonu un sa\u0146em pilnu!<\/p>\n<h3 data-section-id=\"n7umoy\" data-start=\"224\" data-end=\"250\">\u2714 Mai\u0146as priek\u0161roc\u012bbas<\/h3>\n<ul data-start=\"251\" data-end=\"395\">\n<li data-section-id=\"dq1bzv\" data-start=\"251\" data-end=\"277\">\n<p data-start=\"253\" data-end=\"277\">\ud83d\udd04 <strong data-start=\"256\" data-end=\"277\">\u0100tra balona mai\u0146a<\/strong><\/p>\n<\/li>\n<li data-section-id=\"gpsxpd\" data-start=\"278\" data-end=\"315\">\n<p data-start=\"280\" data-end=\"315\">\ud83e\udee7 L\u012bdz <strong data-start=\"288\" data-end=\"315\">60 litriem g\u0101z\u0113ta \u016bdens<\/strong><\/p>\n<\/li>\n<li data-section-id=\"2m4tt\" data-start=\"316\" data-end=\"348\">\n<p data-start=\"318\" data-end=\"348\">\ud83d\udd27 Der <strong data-start=\"325\" data-end=\"348\">SodaDream apar\u0101tiem<\/strong><\/p>\n<\/li>\n<li data-section-id=\"3dlko0\" data-start=\"349\" data-end=\"395\">\n<p data-start=\"351\" data-end=\"395\">\u267b Ekonomiski \u2013 maks\u0101 tikai par g\u0101zes uzpildi<\/p>\n<\/li>\n<li data-section-id=\"3dlko0\" data-start=\"349\" data-end=\"395\">\ud83d\udca1\u00a0<strong>Ieteikums \u0113rt\u0101kai ikdienai<\/strong><br \/>\nNepaliec bez dzirksto\u0161a dz\u0113riena \u2013 turi 3 CO\u2082 balonus un apmaini 2 vien\u0101 reiz\u0113. \u0100tr\u0101k. \u0112rt\u0101k. Izdev\u012bg\u0101k.<\/li>\n<\/ul>\n<h3 data-section-id=\"1682vae\" data-start=\"397\" data-end=\"419\">\ud83d\udca7 K\u0101 notiek mai\u0146a<\/h3>\n<div id=\"elementor-tab-title-8061\" class=\"elementor-tab-title elementor-active\" role=\"button\" data-tab=\"1\" aria-controls=\"elementor-tab-content-8061\" aria-expanded=\"false\"><a class=\"elementor-toggle-title\" tabindex=\"0\">CO\u2082 balona mai\u0146a<\/a><\/div>\n<div id=\"elementor-tab-content-8061\" class=\"elementor-tab-content elementor-clearfix\" role=\"region\" data-tab=\"1\" aria-labelledby=\"elementor-tab-title-8061\">\n<p><strong>Kad CO\u2082 balons ir tuk\u0161s \u2014 apmainiet to pret pilnu!<\/strong><\/p>\n<p>Tikai 3 vienk\u0101r\u0161i so\u013ci, un J\u016bs atkal var\u0113siet baud\u012bt dzirksto\u0161us dz\u0113rienus:<\/p>\n<ul>\n<li><strong>1. Veiciet pas\u016bt\u012bjumu SodaDream.lv m\u0101jaslap\u0101<\/strong><br data-start=\"841\" data-end=\"844\" \/>\u00a0Izv\u0113lieties sada\u013cu<br \/>\n<h2 class=\"elementor-heading-title elementor-size-default\">G\u0101zes baloni apar\u0101tiem<\/h2>\n<p>, pievienojiet grozam vajadz\u012bgo daudzumu un apmaks\u0101jiet pas\u016bt\u012bjumu.<\/li>\n<li><strong data-start=\"803\" data-end=\"841\">2. Sa\u0146emiet uzpild\u012btos CO\u2082 balonus<\/strong><br data-start=\"931\" data-end=\"934\" \/>\ud83d\ude9a Vairum\u0101 gad\u012bjumu baloni tiek pieg\u0101d\u0101ti jau n\u0101kamaj\u0101 dien\u0101 uz J\u016bsu izv\u0113l\u0113to Omniva pakom\u0101tu.<\/li>\n<li><strong data-start=\"1030\" data-end=\"1065\">3. Nos\u016btiet mums tuk\u0161os balonus<\/strong><br data-start=\"1065\" data-end=\"1068\" \/>\ud83d\udce7 E-past\u0101 sa\u0146emsiet Omniva atgrie\u0161anas kodu.<br data-start=\"1113\" data-end=\"1116\" \/>\ud83d\udce6 Iepakojiet tuk\u0161os balonus (ieteicams izmantot to pa\u0161u iepakojumu, kur\u0101 sa\u0146\u0113m\u0101t pilnos).<br data-start=\"1206\" data-end=\"1209\" \/>\ud83d\udfe7 Dodieties uz Omniva pakom\u0101tu:<br data-start=\"1244\" data-end=\"1247\" \/>\u2192 izv\u0113lieties \u201cNos\u016bt\u012bt s\u016bt\u012bjumu\u201d\u2192\u201cIepriek\u0161 re\u0123istr\u0113ts s\u016bt\u012bjums\u201d<br data-start=\"1312\" data-end=\"1315\" \/>\u2192 ievadiet kodu (piem. CC123456789EE)<br data-start=\"1330\" data-end=\"1333\" \/>\u2192 izdruk\u0101jiet un uzl\u012bm\u0113jiet uzl\u012bmi<br data-start=\"1367\" data-end=\"1370\" \/>\u2192 ievietojiet paku skap\u012bt\u012b<\/li>\n<\/ul>\n<p><strong>Svar\u012bgi!<\/strong>\u00a0L\u016bdzu, p\u0101rliecinieties, ka atgrie\u017eamie baloni nav saliekti vai boj\u0101ti. Lai apmai\u0146a b\u016btu veiksm\u012bga, tuk\u0161ie baloni j\u0101nos\u016bta mums ne v\u0113l\u0101k k\u0101 10 kalend\u0101ro dienu laik\u0101 p\u0113c pas\u016bt\u012bjuma veik\u0161anas.<\/p>\n<\/div>\n<h3 data-section-id=\"wdc7bi\" data-start=\"514\" data-end=\"540\">\ud83c\udf10 Vair\u0101k inform\u0101cijas<\/h3>\n<p data-start=\"541\" data-end=\"564\">\ud83d\udc49 <strong data-start=\"544\" data-end=\"564\"><a class=\"decorated-link\" href=\"http:\/\/www.SodaDream.lv\" target=\"_new\" rel=\"noopener\" data-start=\"546\" data-end=\"562\">www.SodaDream.lv<\/a><\/strong><\/p>","protected":false},"excerpt":{"rendered":"<p data-start=\"595\" data-end=\"697\">\ud83d\udd04 <strong data-start=\"598\" data-end=\"627\">CO\u2082 g\u0101zes balons uz mai\u0146u (Screw-in) CO\u2082 cilindri ir sader\u012bgi ar visiem g\u0101z\u0113\u0161anas apar\u0101tiem, kuri izmanto\u00a0ieskr\u016bv\u0113jamos cilindrus.<\/strong><br data-start=\"627\" data-end=\"630\" \/>\ud83e\udee7 L\u012bdz <strong data-start=\"638\" data-end=\"665\">60 litriem g\u0101z\u0113ta \u016bdens<\/strong><br data-start=\"665\" data-end=\"668\" \/>\u267b Atnes tuk\u0161o \u2013 sa\u0146em pilnu<\/p>\n<p data-start=\"699\" data-end=\"722\">\ud83d\udc49 <strong data-start=\"702\" data-end=\"722\"><a class=\"decorated-link\" href=\"http:\/\/www.SodaDream.lv\" target=\"_new\" rel=\"noopener\" data-start=\"704\" data-end=\"720\">www.SodaDream.lv<\/a><\/strong><\/p>","protected":false},"featured_media":3331,"comment_status":"open","ping_status":"closed","template":"","meta":{"site-sidebar-layout":"default","site-content-layout":"","ast-site-content-layout":"default","site-content-style":"default","site-sidebar-style":"default","ast-global-header-display":"","ast-banner-title-visibility":"","ast-main-header-display":"","ast-hfb-above-header-display":"","ast-hfb-below-header-display":"","ast-hfb-mobile-header-display":"","site-post-title":"","ast-breadcrumbs-content":"","ast-featured-img":"","footer-sml-layout":"","ast-disable-related-posts":"","theme-transparent-header-meta":"default","adv-header-id-meta":"","stick-header-meta":"","header-above-stick-meta":"","header-main-stick-meta":"","header-below-stick-meta":"","astra-migrate-meta-layouts":"set","ast-page-background-enabled":"default","ast-page-background-meta":{"desktop":{"background-color":"","background-image":"","background-repeat":"repeat","background-position":"center center","background-size":"auto","background-attachment":"scroll","background-type":"","background-media":"","overlay-type":"","overlay-color":"","overlay-opacity":"","overlay-gradient":""},"tablet":{"background-color":"","background-image":"","background-repeat":"repeat","background-position":"center center","background-size":"auto","background-attachment":"scroll","background-type":"","background-media":"","overlay-type":"","overlay-color":"","overlay-opacity":"","overlay-gradient":""},"mobile":{"background-color":"","background-image":"","background-repeat":"repeat","background-position":"center center","background-size":"auto","background-attachment":"scroll","background-type":"","background-media":"","overlay-type":"","overlay-color":"","overlay-opacity":"","overlay-gradient":""}},"ast-content-background-meta":{"desktop":{"background-color":"var(--ast-global-color-5)","background-image":"","background-repeat":"repeat","background-position":"center center","background-size":"auto","background-attachment":"scroll","background-type":"","background-media":"","overlay-type":"","overlay-color":"","overlay-opacity":"","overlay-gradient":""},"tablet":{"background-color":"var(--ast-global-color-5)","background-image":"","background-repeat":"repeat","background-position":"center center","background-size":"auto","background-attachment":"scroll","background-type":"","background-media":"","overlay-type":"","overlay-color":"","overlay-opacity":"","overlay-gradient":""},"mobile":{"background-color":"var(--ast-global-color-5)","background-image":"","background-repeat":"repeat","background-position":"center center","background-size":"auto","background-attachment":"scroll","background-type":"","background-media":"","overlay-type":"","overlay-color":"","overlay-opacity":"","overlay-gradient":""}}},"product_brand":[],"product_cat":[45],"product_tag":[44],"class_list":{"0":"post-3330","1":"product","2":"type-product","3":"status-publish","4":"has-post-thumbnail","6":"product_cat-gazes-baloni","7":"product_tag-sodadream-co2balons-balonumaina-gazetsudens-sparklingwater-sodamaker-burbuli-dzeriensmajas-co2gas-gazesbalons","8":"desktop-align-left","9":"tablet-align-left","10":"mobile-align-left","12":"first","13":"instock","14":"sale","15":"shipping-taxable","16":"purchasable","17":"product-type-simple"},"_links":{"self":[{"href":"https:\/\/sodadream.lv\/en_us\/wp-json\/wp\/v2\/product\/3330","targetHints":{"allow":["GET"]}}],"collection":[{"href":"https:\/\/sodadream.lv\/en_us\/wp-json\/wp\/v2\/product"}],"about":[{"href":"https:\/\/sodadream.lv\/en_us\/wp-json\/wp\/v2\/types\/product"}],"replies":[{"embeddable":true,"href":"https:\/\/sodadream.lv\/en_us\/wp-json\/wp\/v2\/comments?post=3330"}],"wp:featuredmedia":[{"embeddable":true,"href":"https:\/\/sodadream.lv\/en_us\/wp-json\/wp\/v2\/media\/3331"}],"wp:attachment":[{"href":"https:\/\/sodadream.lv\/en_us\/wp-json\/wp\/v2\/media?parent=3330"}],"wp:term":[{"taxonomy":"product_brand","embeddable":true,"href":"https:\/\/sodadream.lv\/en_us\/wp-json\/wp\/v2\/product_brand?post=3330"},{"taxonomy":"product_cat","embeddable":true,"href":"https:\/\/sodadream.lv\/en_us\/wp-json\/wp\/v2\/product_cat?post=3330"},{"taxonomy":"product_tag","embeddable":true,"href":"https:\/\/sodadream.lv\/en_us\/wp-json\/wp\/v2\/product_tag?post=3330"}],"curies":[{"name":"wp","href":"https:\/\/api.w.org\/{rel}","templated":true}]}}